{"id":7234,"date":"2021-12-20T19:09:53","date_gmt":"2021-12-20T18:09:53","guid":{"rendered":"https:\/\/www.actwise.eu\/gestion-des-acces\/"},"modified":"2022-06-24T14:20:26","modified_gmt":"2022-06-24T12:20:26","slug":"gestion-des-acces","status":"publish","type":"page","link":"https:\/\/www.actwise.eu\/fr\/gestion-des-acces\/","title":{"rendered":"Gestion des acc\u00e8s"},"content":{"rendered":"\t\t<div data-elementor-type=\"wp-page\" data-elementor-id=\"7234\" class=\"elementor elementor-7234 elementor-2797\" data-elementor-post-type=\"page\">\n\t\t\t\t\t\t<section class=\"betakit-gap-default elementor-section elementor-top-section elementor-element elementor-element-066f309 elementor-section-height-min-height elementor-section-boxed elementor-section-height-default elementor-section-items-middle\" data-id=\"066f309\" data-element_type=\"section\" data-settings=\"{&quot;background_background&quot;:&quot;classic&quot;}\">\n\t\t\t\t\t\t\t<div class=\"elementor-background-overlay\"><\/div>\n\t\t\t\t\t\t\t<div class=\"elementor-container elementor-column-gap-default\">\n\t\t\t\t\t<div class=\"elementor-column elementor-col-100 elementor-top-column elementor-element elementor-element-adb16cc\" data-id=\"adb16cc\" data-element_type=\"column\">\n\t\t\t<div class=\"elementor-widget-wrap elementor-element-populated\">\n\t\t\t\t\t\t<div class=\"elementor-element elementor-element-c4c8f78 betakit-transform transform-type-translate elementor-widget elementor-widget-heading\" data-id=\"c4c8f78\" data-element_type=\"widget\" data-widget_type=\"heading.default\">\n\t\t\t\t<div class=\"elementor-widget-container\">\n\t\t\t<style>\/*! elementor - v3.20.0 - 13-03-2024 *\/\n.elementor-heading-title{padding:0;margin:0;line-height:1}.elementor-widget-heading .elementor-heading-title[class*=elementor-size-]>a{color:inherit;font-size:inherit;line-height:inherit}.elementor-widget-heading .elementor-heading-title.elementor-size-small{font-size:15px}.elementor-widget-heading .elementor-heading-title.elementor-size-medium{font-size:19px}.elementor-widget-heading .elementor-heading-title.elementor-size-large{font-size:29px}.elementor-widget-heading .elementor-heading-title.elementor-size-xl{font-size:39px}.elementor-widget-heading .elementor-heading-title.elementor-size-xxl{font-size:59px}<\/style><h5 class=\"elementor-heading-title elementor-size-default\">Nos services<\/h5>\t\t<\/div>\n\t\t\t\t<\/div>\n\t\t\t\t<div class=\"elementor-element elementor-element-c656e2d betakit-transform transform-type-translate elementor-widget elementor-widget-heading\" data-id=\"c656e2d\" data-element_type=\"widget\" data-widget_type=\"heading.default\">\n\t\t\t\t<div class=\"elementor-widget-container\">\n\t\t\t<h1 class=\"elementor-heading-title elementor-size-default\">Gestion des acc\u00e8s<\/h1>\t\t<\/div>\n\t\t\t\t<\/div>\n\t\t\t\t<div class=\"elementor-element elementor-element-478b0a5 betakit-transform transform-type-translate elementor-widget elementor-widget-heading\" data-id=\"478b0a5\" data-element_type=\"widget\" data-widget_type=\"heading.default\">\n\t\t\t\t<div class=\"elementor-widget-container\">\n\t\t\t<div class=\"elementor-heading-title elementor-size-default\">Activez l'acc\u00e8s sur n'importe quel appareil, n'importe o\u00f9 et au moment propice.<\/div>\t\t<\/div>\n\t\t\t\t<\/div>\n\t\t\t\t\t<\/div>\n\t\t<\/div>\n\t\t\t\t\t<\/div>\n\t\t<\/section>\n\t\t\t\t<section class=\"betakit-gap-default elementor-section elementor-top-section elementor-element elementor-element-6cce8a1 elementor-section-boxed elementor-section-height-default elementor-section-height-default\" data-id=\"6cce8a1\" data-element_type=\"section\">\n\t\t\t\t\t\t<div class=\"elementor-container elementor-column-gap-default\">\n\t\t\t\t\t<div class=\"elementor-column elementor-col-50 elementor-top-column elementor-element elementor-element-04c8338\" data-id=\"04c8338\" data-element_type=\"column\">\n\t\t\t<div class=\"elementor-widget-wrap elementor-element-populated\">\n\t\t\t\t\t\t<div class=\"elementor-element elementor-element-1fee4ab betakit-transform transform-type-translate elementor-widget elementor-widget-heading\" data-id=\"1fee4ab\" data-element_type=\"widget\" data-widget_type=\"heading.default\">\n\t\t\t\t<div class=\"elementor-widget-container\">\n\t\t\t<h5 class=\"elementor-heading-title elementor-size-default\">Mise en \u0153uvre<\/h5>\t\t<\/div>\n\t\t\t\t<\/div>\n\t\t\t\t<div class=\"elementor-element elementor-element-a5140ab betakit-transform transform-type-translate elementor-widget elementor-widget-heading\" data-id=\"a5140ab\" data-element_type=\"widget\" data-widget_type=\"heading.default\">\n\t\t\t\t<div class=\"elementor-widget-container\">\n\t\t\t<h2 class=\"elementor-heading-title elementor-size-default\">Gestion des acc\u00e8s<\/h2>\t\t<\/div>\n\t\t\t\t<\/div>\n\t\t\t\t\t<\/div>\n\t\t<\/div>\n\t\t\t\t<div class=\"elementor-column elementor-col-50 elementor-top-column elementor-element elementor-element-697bea0\" data-id=\"697bea0\" data-element_type=\"column\">\n\t\t\t<div class=\"elementor-widget-wrap elementor-element-populated\">\n\t\t\t\t\t\t<div class=\"elementor-element elementor-element-00908dc elementor-widget elementor-widget-text-editor\" data-id=\"00908dc\" data-element_type=\"widget\" data-widget_type=\"text-editor.default\">\n\t\t\t\t<div class=\"elementor-widget-container\">\n\t\t\t<style>\/*! elementor - v3.20.0 - 13-03-2024 *\/\n.elementor-widget-text-editor.elementor-drop-cap-view-stacked .elementor-drop-cap{background-color:#69727d;color:#fff}.elementor-widget-text-editor.elementor-drop-cap-view-framed .elementor-drop-cap{color:#69727d;border:3px solid;background-color:transparent}.elementor-widget-text-editor:not(.elementor-drop-cap-view-default) .elementor-drop-cap{margin-top:8px}.elementor-widget-text-editor:not(.elementor-drop-cap-view-default) .elementor-drop-cap-letter{width:1em;height:1em}.elementor-widget-text-editor .elementor-drop-cap{float:left;text-align:center;line-height:1;font-size:50px}.elementor-widget-text-editor .elementor-drop-cap-letter{display:inline-block}<\/style>\t\t\t\t<p>La gestion des acc\u00e8s permet aux entreprises d&#8217;authentifier, d&#8217;autoriser et d&#8217;auditer l&#8217;acc\u00e8s aux applications et aux syst\u00e8mes informatiques. Elle offre non seulement des avantages en mati\u00e8re de s\u00e9curit\u00e9, mais elle acc\u00e9l\u00e8re \u00e9galement les processus d&#8217;authentification et simplifie les op\u00e9rations. L&#8217;authentification multifacteur et l&#8217;authentification unique permettent aux solutions de gestion des acc\u00e8s d&#8217;augmenter la s\u00e9curit\u00e9 et la productivit\u00e9 de l&#8217;entreprise.<\/p>\t\t\t\t\t\t<\/div>\n\t\t\t\t<\/div>\n\t\t\t\t\t<\/div>\n\t\t<\/div>\n\t\t\t\t\t<\/div>\n\t\t<\/section>\n\t\t\t\t<section class=\"betakit-gap-extended elementor-section elementor-top-section elementor-element elementor-element-b0cc239 elementor-section-boxed elementor-section-height-default elementor-section-height-default\" data-id=\"b0cc239\" data-element_type=\"section\">\n\t\t\t\t\t\t<div class=\"elementor-container elementor-column-gap-extended\">\n\t\t\t\t\t<div class=\"elementor-column elementor-col-33 elementor-top-column elementor-element elementor-element-e3b36aa\" data-id=\"e3b36aa\" data-element_type=\"column\">\n\t\t\t<div class=\"elementor-widget-wrap elementor-element-populated\">\n\t\t\t\t\t\t<div class=\"elementor-element elementor-element-c9288bb elementor-widget elementor-widget-betakit-services-item\" data-id=\"c9288bb\" data-element_type=\"widget\" data-widget_type=\"betakit-services-item.default\">\n\t\t\t\t<div class=\"elementor-widget-container\">\n\t\t\t<div class=\"box has-bg has-primary-bg has-shadow\"><div class=\"box-icon\"><span class=\"s-icon md hydrated\"><i aria-hidden=\"true\" class=\"fas fa-user-secret\"><\/i><\/span><\/div><h3 class=\"box-title\">MIGRATION DES RISQUES DE S\u00c9CURIT\u00c9<\/h3><p class=\"box-desc\">Plusieurs facteurs d'authentification, afin d'emp\u00eacher les tentatives d'authentification malveillantes.<\/p><\/div>\t\t<\/div>\n\t\t\t\t<\/div>\n\t\t\t\t\t<\/div>\n\t\t<\/div>\n\t\t\t\t<div class=\"elementor-column elementor-col-33 elementor-top-column elementor-element elementor-element-90b1b38\" data-id=\"90b1b38\" data-element_type=\"column\">\n\t\t\t<div class=\"elementor-widget-wrap elementor-element-populated\">\n\t\t\t\t\t\t<div class=\"elementor-element elementor-element-329120a elementor-widget elementor-widget-betakit-services-item\" data-id=\"329120a\" data-element_type=\"widget\" data-widget_type=\"betakit-services-item.default\">\n\t\t\t\t<div class=\"elementor-widget-container\">\n\t\t\t<div class=\"box has-bg  has-shadow\"><div class=\"box-icon\"><span class=\"s-icon md hydrated\"><i aria-hidden=\"true\" class=\"fas fa-gavel\"><\/i><\/span><\/div><h3 class=\"box-title\">AM\u00c9LIORATION DE LA CONFORMIT\u00c9 R\u00c9GLEMENTAIRE<\/h3><p class=\"box-desc\">Une r\u00e9duction de vos risques lors d'un audit et une d\u00e9monstration facilit\u00e9e de la conformit\u00e9.<\/p><\/div>\t\t<\/div>\n\t\t\t\t<\/div>\n\t\t\t\t\t<\/div>\n\t\t<\/div>\n\t\t\t\t<div class=\"elementor-column elementor-col-33 elementor-top-column elementor-element elementor-element-495b787\" data-id=\"495b787\" data-element_type=\"column\">\n\t\t\t<div class=\"elementor-widget-wrap elementor-element-populated\">\n\t\t\t\t\t\t<div class=\"elementor-element elementor-element-9809195 elementor-widget elementor-widget-betakit-services-item\" data-id=\"9809195\" data-element_type=\"widget\" data-widget_type=\"betakit-services-item.default\">\n\t\t\t\t<div class=\"elementor-widget-container\">\n\t\t\t<div class=\"box has-bg has-primary-bg has-shadow\"><div class=\"box-icon\"><span class=\"s-icon md hydrated\"><i aria-hidden=\"true\" class=\"fas fa-eye\"><\/i><\/span><\/div><h3 class=\"box-title\">VISIBILIT\u00c9 AM\u00c9LIOR\u00c9E<\/h3><p class=\"box-desc\">Une surveillance du service informatique qui contr\u00f4le les authentifications de chaque utilisateur aupr\u00e8s de diff\u00e9rentes applications.<\/p><\/div>\t\t<\/div>\n\t\t\t\t<\/div>\n\t\t\t\t\t<\/div>\n\t\t<\/div>\n\t\t\t\t\t<\/div>\n\t\t<\/section>\n\t\t\t\t<section class=\"betakit-gap-default elementor-section elementor-top-section elementor-element elementor-element-4020d75 elementor-section-boxed elementor-section-height-default elementor-section-height-default\" data-id=\"4020d75\" data-element_type=\"section\">\n\t\t\t\t\t\t<div class=\"elementor-container elementor-column-gap-default\">\n\t\t\t\t\t<div class=\"elementor-column elementor-col-100 elementor-top-column elementor-element elementor-element-1def606\" data-id=\"1def606\" data-element_type=\"column\">\n\t\t\t<div class=\"elementor-widget-wrap elementor-element-populated\">\n\t\t\t\t\t\t<div class=\"betakit-gap-default elementor-section elementor-inner-section elementor-element elementor-element-4264d83 elementor-section-content-middle elementor-section-boxed elementor-section-height-default elementor-section-height-default\" data-id=\"4264d83\" data-element_type=\"section\" data-settings=\"{&quot;background_background&quot;:&quot;classic&quot;}\">\n\t\t\t\t\t\t\t<div class=\"elementor-background-overlay\"><\/div>\n\t\t\t\t\t\t\t<div class=\"elementor-container elementor-column-gap-default\">\n\t\t\t\t\t<div class=\"elementor-column elementor-col-100 elementor-inner-column elementor-element elementor-element-43099a3\" data-id=\"43099a3\" data-element_type=\"column\">\n\t\t\t<div class=\"elementor-widget-wrap elementor-element-populated\">\n\t\t\t\t\t\t<div class=\"elementor-element elementor-element-dfe6d5b betakit-transform transform-type-translate elementor-widget elementor-widget-heading\" data-id=\"dfe6d5b\" data-element_type=\"widget\" data-widget_type=\"heading.default\">\n\t\t\t\t<div class=\"elementor-widget-container\">\n\t\t\t<h2 class=\"elementor-heading-title elementor-size-default\">Pr\u00eat \u00e0 g\u00e9rer les identit\u00e9s et actifs num\u00e9riques au sein de votre entreprise\u00a0?<\/h2>\t\t<\/div>\n\t\t\t\t<\/div>\n\t\t\t\t<div class=\"elementor-element elementor-element-f91f70c elementor-align-center elementor-widget__width-auto elementor-widget elementor-widget-button\" data-id=\"f91f70c\" data-element_type=\"widget\" data-widget_type=\"button.default\">\n\t\t\t\t<div class=\"elementor-widget-container\">\n\t\t\t\t\t<div class=\"elementor-button-wrapper\">\n\t\t\t<a class=\"elementor-button elementor-button-link elementor-size-md\" href=\"https:\/\/www.actwise.eu\/contact\/\">\n\t\t\t\t\t\t<span class=\"elementor-button-content-wrapper\">\n\t\t\t\t\t\t<span class=\"elementor-button-text\">Demandez une d\u00e9mo<\/span>\n\t\t<\/span>\n\t\t\t\t\t<\/a>\n\t\t<\/div>\n\t\t\t\t<\/div>\n\t\t\t\t<\/div>\n\t\t\t\t<div class=\"elementor-element elementor-element-b445732 elementor-align-center elementor-widget__width-auto elementor-widget elementor-widget-button\" data-id=\"b445732\" data-element_type=\"widget\" data-widget_type=\"button.default\">\n\t\t\t\t<div class=\"elementor-widget-container\">\n\t\t\t\t\t<div class=\"elementor-button-wrapper\">\n\t\t\t<a class=\"elementor-button elementor-button-link elementor-size-md\" href=\"https:\/\/www.actwise.eu\/contact\/\">\n\t\t\t\t\t\t<span class=\"elementor-button-content-wrapper\">\n\t\t\t\t\t\t<span class=\"elementor-button-text\">Parlez \u00e0 un expert<\/span>\n\t\t<\/span>\n\t\t\t\t\t<\/a>\n\t\t<\/div>\n\t\t\t\t<\/div>\n\t\t\t\t<\/div>\n\t\t\t\t\t<\/div>\n\t\t<\/div>\n\t\t\t\t\t<\/div>\n\t\t<\/div>\n\t\t\t\t\t<\/div>\n\t\t<\/div>\n\t\t\t\t\t<\/div>\n\t\t<\/section>\n\t\t\t\t<\/div>\n\t\t","protected":false},"excerpt":{"rendered":"<p>Nos services Activez l&#8217;acc\u00e8s sur n&#8217;importe quel appareil, n&#8217;importe o\u00f9 et au moment propice. Mise en \u0153uvre Gestion des acc\u00e8s La gestion des acc\u00e8s permet aux entreprises d&#8217;authentifier, d&#8217;autoriser et d&#8217;auditer l&#8217;acc\u00e8s aux applications et aux syst\u00e8mes informatiques. Elle offre non seulement des avantages en mati\u00e8re de s\u00e9curit\u00e9, mais elle acc\u00e9l\u00e8re \u00e9galement les processus d&#8217;authentification&#8230;<\/p>\n","protected":false},"author":12,"featured_media":0,"parent":0,"menu_order":0,"comment_status":"closed","ping_status":"closed","template":"","meta":{"footnotes":""},"yoast_head":"<!-- This site is optimized with the Yoast SEO plugin v22.3 - https:\/\/yoast.com\/wordpress\/plugins\/seo\/ -->\n<title>Gestion des acc\u00e8s - ActWise<\/title>\n<meta name=\"robots\" content=\"index, follow, max-snippet:-1, max-image-preview:large, max-video-preview:-1\" \/>\n<link rel=\"canonical\" href=\"https:\/\/www.actwise.eu\/fr\/gestion-des-acces\/\" \/>\n<meta property=\"og:locale\" content=\"fr_FR\" \/>\n<meta property=\"og:type\" content=\"article\" \/>\n<meta property=\"og:title\" content=\"Gestion des acc\u00e8s - ActWise\" \/>\n<meta property=\"og:description\" content=\"Nos services Activez l&#8217;acc\u00e8s sur n&#8217;importe quel appareil, n&#8217;importe o\u00f9 et au moment propice. Mise en \u0153uvre Gestion des acc\u00e8s La gestion des acc\u00e8s permet aux entreprises d&#8217;authentifier, d&#8217;autoriser et d&#8217;auditer l&#8217;acc\u00e8s aux applications et aux syst\u00e8mes informatiques. Elle offre non seulement des avantages en mati\u00e8re de s\u00e9curit\u00e9, mais elle acc\u00e9l\u00e8re \u00e9galement les processus d&#8217;authentification...\" \/>\n<meta property=\"og:url\" content=\"https:\/\/www.actwise.eu\/fr\/gestion-des-acces\/\" \/>\n<meta property=\"og:site_name\" content=\"ActWise\" \/>\n<meta property=\"article:modified_time\" content=\"2022-06-24T12:20:26+00:00\" \/>\n<meta property=\"og:image\" content=\"https:\/\/www.actwise.eu\/wp-content\/uploads\/2023\/11\/Actwise-Default-Banner.jpg\" \/>\n\t<meta property=\"og:image:width\" content=\"1200\" \/>\n\t<meta property=\"og:image:height\" content=\"675\" \/>\n\t<meta property=\"og:image:type\" content=\"image\/jpeg\" \/>\n<meta name=\"twitter:card\" content=\"summary_large_image\" \/>\n<meta name=\"twitter:label1\" content=\"Dur\u00e9e de lecture estim\u00e9e\" \/>\n\t<meta name=\"twitter:data1\" content=\"1 minute\" \/>\n<script type=\"application\/ld+json\" class=\"yoast-schema-graph\">{\"@context\":\"https:\/\/schema.org\",\"@graph\":[{\"@type\":\"WebPage\",\"@id\":\"https:\/\/www.actwise.eu\/fr\/gestion-des-acces\/\",\"url\":\"https:\/\/www.actwise.eu\/fr\/gestion-des-acces\/\",\"name\":\"Gestion des acc\u00e8s - ActWise\",\"isPartOf\":{\"@id\":\"https:\/\/www.actwise.eu\/fr\/#website\"},\"datePublished\":\"2021-12-20T18:09:53+00:00\",\"dateModified\":\"2022-06-24T12:20:26+00:00\",\"breadcrumb\":{\"@id\":\"https:\/\/www.actwise.eu\/fr\/gestion-des-acces\/#breadcrumb\"},\"inLanguage\":\"fr-FR\",\"potentialAction\":[{\"@type\":\"ReadAction\",\"target\":[\"https:\/\/www.actwise.eu\/fr\/gestion-des-acces\/\"]}]},{\"@type\":\"BreadcrumbList\",\"@id\":\"https:\/\/www.actwise.eu\/fr\/gestion-des-acces\/#breadcrumb\",\"itemListElement\":[{\"@type\":\"ListItem\",\"position\":1,\"name\":\"Home\",\"item\":\"https:\/\/www.actwise.eu\/fr\/\"},{\"@type\":\"ListItem\",\"position\":2,\"name\":\"Gestion des acc\u00e8s\"}]},{\"@type\":\"WebSite\",\"@id\":\"https:\/\/www.actwise.eu\/fr\/#website\",\"url\":\"https:\/\/www.actwise.eu\/fr\/\",\"name\":\"Actwise\",\"description\":\"Securing the keys to your digital kingdom\",\"publisher\":{\"@id\":\"https:\/\/www.actwise.eu\/fr\/#organization\"},\"potentialAction\":[{\"@type\":\"SearchAction\",\"target\":{\"@type\":\"EntryPoint\",\"urlTemplate\":\"https:\/\/www.actwise.eu\/fr\/?s={search_term_string}\"},\"query-input\":\"required name=search_term_string\"}],\"inLanguage\":\"fr-FR\"},{\"@type\":\"Organization\",\"@id\":\"https:\/\/www.actwise.eu\/fr\/#organization\",\"name\":\"Actwise\",\"url\":\"https:\/\/www.actwise.eu\/fr\/\",\"logo\":{\"@type\":\"ImageObject\",\"inLanguage\":\"fr-FR\",\"@id\":\"https:\/\/www.actwise.eu\/fr\/#\/schema\/logo\/image\/\",\"url\":\"https:\/\/www.actwise.eu\/wp-content\/uploads\/2021\/12\/Logo_ActWise__hoofdlogo_kleur_300dpi_transparant.png\",\"contentUrl\":\"https:\/\/www.actwise.eu\/wp-content\/uploads\/2021\/12\/Logo_ActWise__hoofdlogo_kleur_300dpi_transparant.png\",\"width\":4500,\"height\":1451,\"caption\":\"Actwise\"},\"image\":{\"@id\":\"https:\/\/www.actwise.eu\/fr\/#\/schema\/logo\/image\/\"}}]}<\/script>\n<!-- \/ Yoast SEO plugin. -->","yoast_head_json":{"title":"Gestion des acc\u00e8s - ActWise","robots":{"index":"index","follow":"follow","max-snippet":"max-snippet:-1","max-image-preview":"max-image-preview:large","max-video-preview":"max-video-preview:-1"},"canonical":"https:\/\/www.actwise.eu\/fr\/gestion-des-acces\/","og_locale":"fr_FR","og_type":"article","og_title":"Gestion des acc\u00e8s - ActWise","og_description":"Nos services Activez l&#8217;acc\u00e8s sur n&#8217;importe quel appareil, n&#8217;importe o\u00f9 et au moment propice. Mise en \u0153uvre Gestion des acc\u00e8s La gestion des acc\u00e8s permet aux entreprises d&#8217;authentifier, d&#8217;autoriser et d&#8217;auditer l&#8217;acc\u00e8s aux applications et aux syst\u00e8mes informatiques. Elle offre non seulement des avantages en mati\u00e8re de s\u00e9curit\u00e9, mais elle acc\u00e9l\u00e8re \u00e9galement les processus d&#8217;authentification...","og_url":"https:\/\/www.actwise.eu\/fr\/gestion-des-acces\/","og_site_name":"ActWise","article_modified_time":"2022-06-24T12:20:26+00:00","og_image":[{"width":1200,"height":675,"url":"https:\/\/www.actwise.eu\/wp-content\/uploads\/2023\/11\/Actwise-Default-Banner.jpg","type":"image\/jpeg"}],"twitter_card":"summary_large_image","twitter_misc":{"Dur\u00e9e de lecture estim\u00e9e":"1 minute"},"schema":{"@context":"https:\/\/schema.org","@graph":[{"@type":"WebPage","@id":"https:\/\/www.actwise.eu\/fr\/gestion-des-acces\/","url":"https:\/\/www.actwise.eu\/fr\/gestion-des-acces\/","name":"Gestion des acc\u00e8s - ActWise","isPartOf":{"@id":"https:\/\/www.actwise.eu\/fr\/#website"},"datePublished":"2021-12-20T18:09:53+00:00","dateModified":"2022-06-24T12:20:26+00:00","breadcrumb":{"@id":"https:\/\/www.actwise.eu\/fr\/gestion-des-acces\/#breadcrumb"},"inLanguage":"fr-FR","potentialAction":[{"@type":"ReadAction","target":["https:\/\/www.actwise.eu\/fr\/gestion-des-acces\/"]}]},{"@type":"BreadcrumbList","@id":"https:\/\/www.actwise.eu\/fr\/gestion-des-acces\/#breadcrumb","itemListElement":[{"@type":"ListItem","position":1,"name":"Home","item":"https:\/\/www.actwise.eu\/fr\/"},{"@type":"ListItem","position":2,"name":"Gestion des acc\u00e8s"}]},{"@type":"WebSite","@id":"https:\/\/www.actwise.eu\/fr\/#website","url":"https:\/\/www.actwise.eu\/fr\/","name":"Actwise","description":"Securing the keys to your digital kingdom","publisher":{"@id":"https:\/\/www.actwise.eu\/fr\/#organization"},"potentialAction":[{"@type":"SearchAction","target":{"@type":"EntryPoint","urlTemplate":"https:\/\/www.actwise.eu\/fr\/?s={search_term_string}"},"query-input":"required name=search_term_string"}],"inLanguage":"fr-FR"},{"@type":"Organization","@id":"https:\/\/www.actwise.eu\/fr\/#organization","name":"Actwise","url":"https:\/\/www.actwise.eu\/fr\/","logo":{"@type":"ImageObject","inLanguage":"fr-FR","@id":"https:\/\/www.actwise.eu\/fr\/#\/schema\/logo\/image\/","url":"https:\/\/www.actwise.eu\/wp-content\/uploads\/2021\/12\/Logo_ActWise__hoofdlogo_kleur_300dpi_transparant.png","contentUrl":"https:\/\/www.actwise.eu\/wp-content\/uploads\/2021\/12\/Logo_ActWise__hoofdlogo_kleur_300dpi_transparant.png","width":4500,"height":1451,"caption":"Actwise"},"image":{"@id":"https:\/\/www.actwise.eu\/fr\/#\/schema\/logo\/image\/"}}]}},"_links":{"self":[{"href":"https:\/\/www.actwise.eu\/fr\/wp-json\/wp\/v2\/pages\/7234"}],"collection":[{"href":"https:\/\/www.actwise.eu\/fr\/wp-json\/wp\/v2\/pages"}],"about":[{"href":"https:\/\/www.actwise.eu\/fr\/wp-json\/wp\/v2\/types\/page"}],"author":[{"embeddable":true,"href":"https:\/\/www.actwise.eu\/fr\/wp-json\/wp\/v2\/users\/12"}],"replies":[{"embeddable":true,"href":"https:\/\/www.actwise.eu\/fr\/wp-json\/wp\/v2\/comments?post=7234"}],"version-history":[{"count":4,"href":"https:\/\/www.actwise.eu\/fr\/wp-json\/wp\/v2\/pages\/7234\/revisions"}],"predecessor-version":[{"id":7356,"href":"https:\/\/www.actwise.eu\/fr\/wp-json\/wp\/v2\/pages\/7234\/revisions\/7356"}],"wp:attachment":[{"href":"https:\/\/www.actwise.eu\/fr\/wp-json\/wp\/v2\/media?parent=7234"}],"curies":[{"name":"wp","href":"https:\/\/api.w.org\/{rel}","templated":true}]}}