{"id":7240,"date":"2021-12-20T19:10:08","date_gmt":"2021-12-20T18:10:08","guid":{"rendered":"https:\/\/www.actwise.eu\/devsecops\/"},"modified":"2022-06-24T14:22:56","modified_gmt":"2022-06-24T12:22:56","slug":"devsecops","status":"publish","type":"page","link":"https:\/\/www.actwise.eu\/fr\/devsecops\/","title":{"rendered":"DevSecOps"},"content":{"rendered":"\t\t<div data-elementor-type=\"wp-page\" data-elementor-id=\"7240\" class=\"elementor elementor-7240 elementor-2799\" data-elementor-post-type=\"page\">\n\t\t\t\t\t\t<section class=\"betakit-gap-default elementor-section elementor-top-section elementor-element elementor-element-066f309 elementor-section-height-min-height elementor-section-boxed elementor-section-height-default elementor-section-items-middle\" data-id=\"066f309\" data-element_type=\"section\" data-settings=\"{&quot;background_background&quot;:&quot;classic&quot;}\">\n\t\t\t\t\t\t\t<div class=\"elementor-background-overlay\"><\/div>\n\t\t\t\t\t\t\t<div class=\"elementor-container elementor-column-gap-default\">\n\t\t\t\t\t<div class=\"elementor-column elementor-col-100 elementor-top-column elementor-element elementor-element-adb16cc\" data-id=\"adb16cc\" data-element_type=\"column\">\n\t\t\t<div class=\"elementor-widget-wrap elementor-element-populated\">\n\t\t\t\t\t\t<div class=\"elementor-element elementor-element-c4c8f78 betakit-transform transform-type-translate elementor-widget elementor-widget-heading\" data-id=\"c4c8f78\" data-element_type=\"widget\" data-widget_type=\"heading.default\">\n\t\t\t\t<div class=\"elementor-widget-container\">\n\t\t\t<style>\/*! elementor - v3.20.0 - 13-03-2024 *\/\n.elementor-heading-title{padding:0;margin:0;line-height:1}.elementor-widget-heading .elementor-heading-title[class*=elementor-size-]>a{color:inherit;font-size:inherit;line-height:inherit}.elementor-widget-heading .elementor-heading-title.elementor-size-small{font-size:15px}.elementor-widget-heading .elementor-heading-title.elementor-size-medium{font-size:19px}.elementor-widget-heading .elementor-heading-title.elementor-size-large{font-size:29px}.elementor-widget-heading .elementor-heading-title.elementor-size-xl{font-size:39px}.elementor-widget-heading .elementor-heading-title.elementor-size-xxl{font-size:59px}<\/style><h5 class=\"elementor-heading-title elementor-size-default\">Nos services<\/h5>\t\t<\/div>\n\t\t\t\t<\/div>\n\t\t\t\t<div class=\"elementor-element elementor-element-c656e2d betakit-transform transform-type-translate elementor-widget elementor-widget-heading\" data-id=\"c656e2d\" data-element_type=\"widget\" data-widget_type=\"heading.default\">\n\t\t\t\t<div class=\"elementor-widget-container\">\n\t\t\t<h1 class=\"elementor-heading-title elementor-size-default\">DevSecOps<\/h1>\t\t<\/div>\n\t\t\t\t<\/div>\n\t\t\t\t<div class=\"elementor-element elementor-element-478b0a5 betakit-transform transform-type-translate elementor-widget elementor-widget-heading\" data-id=\"478b0a5\" data-element_type=\"widget\" data-widget_type=\"heading.default\">\n\t\t\t\t<div class=\"elementor-widget-container\">\n\t\t\t<div class=\"elementor-heading-title elementor-size-default\">Simplifiez le processus de s\u00e9curisation des identit\u00e9s non humaines dans les pipelines DevOps.<\/div>\t\t<\/div>\n\t\t\t\t<\/div>\n\t\t\t\t\t<\/div>\n\t\t<\/div>\n\t\t\t\t\t<\/div>\n\t\t<\/section>\n\t\t\t\t<section class=\"betakit-gap-default elementor-section elementor-top-section elementor-element elementor-element-6cce8a1 elementor-section-boxed elementor-section-height-default elementor-section-height-default\" data-id=\"6cce8a1\" data-element_type=\"section\">\n\t\t\t\t\t\t<div class=\"elementor-container elementor-column-gap-default\">\n\t\t\t\t\t<div class=\"elementor-column elementor-col-50 elementor-top-column elementor-element elementor-element-04c8338\" data-id=\"04c8338\" data-element_type=\"column\">\n\t\t\t<div class=\"elementor-widget-wrap elementor-element-populated\">\n\t\t\t\t\t\t<div class=\"elementor-element elementor-element-1fee4ab betakit-transform transform-type-translate elementor-widget elementor-widget-heading\" data-id=\"1fee4ab\" data-element_type=\"widget\" data-widget_type=\"heading.default\">\n\t\t\t\t<div class=\"elementor-widget-container\">\n\t\t\t<h5 class=\"elementor-heading-title elementor-size-default\">Mise en \u0153uvre<\/h5>\t\t<\/div>\n\t\t\t\t<\/div>\n\t\t\t\t<div class=\"elementor-element elementor-element-a5140ab betakit-transform transform-type-translate elementor-widget elementor-widget-heading\" data-id=\"a5140ab\" data-element_type=\"widget\" data-widget_type=\"heading.default\">\n\t\t\t\t<div class=\"elementor-widget-container\">\n\t\t\t<h2 class=\"elementor-heading-title elementor-size-default\">Qu'est-ce que le DevSecOps\u00a0?<\/h2>\t\t<\/div>\n\t\t\t\t<\/div>\n\t\t\t\t\t<\/div>\n\t\t<\/div>\n\t\t\t\t<div class=\"elementor-column elementor-col-50 elementor-top-column elementor-element elementor-element-697bea0\" data-id=\"697bea0\" data-element_type=\"column\">\n\t\t\t<div class=\"elementor-widget-wrap elementor-element-populated\">\n\t\t\t\t\t\t<div class=\"elementor-element elementor-element-00908dc elementor-widget elementor-widget-text-editor\" data-id=\"00908dc\" data-element_type=\"widget\" data-widget_type=\"text-editor.default\">\n\t\t\t\t<div class=\"elementor-widget-container\">\n\t\t\t<style>\/*! elementor - v3.20.0 - 13-03-2024 *\/\n.elementor-widget-text-editor.elementor-drop-cap-view-stacked .elementor-drop-cap{background-color:#69727d;color:#fff}.elementor-widget-text-editor.elementor-drop-cap-view-framed .elementor-drop-cap{color:#69727d;border:3px solid;background-color:transparent}.elementor-widget-text-editor:not(.elementor-drop-cap-view-default) .elementor-drop-cap{margin-top:8px}.elementor-widget-text-editor:not(.elementor-drop-cap-view-default) .elementor-drop-cap-letter{width:1em;height:1em}.elementor-widget-text-editor .elementor-drop-cap{float:left;text-align:center;line-height:1;font-size:50px}.elementor-widget-text-editor .elementor-drop-cap-letter{display:inline-block}<\/style>\t\t\t\t<p>L&#8217;objectif de DevOps est de lier le d\u00e9veloppement et les op\u00e9rations pour r\u00e9duire les d\u00e9lais de commercialisation (\u00ab\u00a0time to market\u00a0\u00bb), obtenir rapidement du feedback et augmenter la satisfaction client. L&#8217;objectif du DevSecOps est de combler le \u00ab\u00a0foss\u00e9 de s\u00e9curit\u00e9\u00a0\u00bb entre le d\u00e9veloppement et les op\u00e9rations pour assurer une livraison non seulement plus rapide de logiciels, mais aussi parfaitement s\u00e9curis\u00e9e.<\/p>\t\t\t\t\t\t<\/div>\n\t\t\t\t<\/div>\n\t\t\t\t\t<\/div>\n\t\t<\/div>\n\t\t\t\t\t<\/div>\n\t\t<\/section>\n\t\t\t\t<section class=\"betakit-gap-extended elementor-section elementor-top-section elementor-element elementor-element-b0cc239 elementor-section-boxed elementor-section-height-default elementor-section-height-default\" data-id=\"b0cc239\" data-element_type=\"section\">\n\t\t\t\t\t\t<div class=\"elementor-container elementor-column-gap-extended\">\n\t\t\t\t\t<div class=\"elementor-column elementor-col-33 elementor-top-column elementor-element elementor-element-e3b36aa\" data-id=\"e3b36aa\" data-element_type=\"column\">\n\t\t\t<div class=\"elementor-widget-wrap elementor-element-populated\">\n\t\t\t\t\t\t<div class=\"elementor-element elementor-element-c9288bb elementor-widget elementor-widget-betakit-services-item\" data-id=\"c9288bb\" data-element_type=\"widget\" data-widget_type=\"betakit-services-item.default\">\n\t\t\t\t<div class=\"elementor-widget-container\">\n\t\t\t<div class=\"box has-bg has-primary-bg has-shadow\"><div class=\"box-icon\"><span class=\"s-icon md hydrated\"><i aria-hidden=\"true\" class=\"fas fa-user-secret\"><\/i><\/span><\/div><h3 class=\"box-title\">MIGRATION DES RISQUES DE S\u00c9CURIT\u00c9<\/h3><p class=\"box-desc\">Une gestion et une rotation des secrets du code, des applications et des outils DevOps.<\/p><\/div>\t\t<\/div>\n\t\t\t\t<\/div>\n\t\t\t\t\t<\/div>\n\t\t<\/div>\n\t\t\t\t<div class=\"elementor-column elementor-col-33 elementor-top-column elementor-element elementor-element-90b1b38\" data-id=\"90b1b38\" data-element_type=\"column\">\n\t\t\t<div class=\"elementor-widget-wrap elementor-element-populated\">\n\t\t\t\t\t\t<div class=\"elementor-element elementor-element-329120a elementor-widget elementor-widget-betakit-services-item\" data-id=\"329120a\" data-element_type=\"widget\" data-widget_type=\"betakit-services-item.default\">\n\t\t\t\t<div class=\"elementor-widget-container\">\n\t\t\t<div class=\"box has-bg  has-shadow\"><div class=\"box-icon\"><span class=\"s-icon md hydrated\"><i aria-hidden=\"true\" class=\"fas fa-gavel\"><\/i><\/span><\/div><h3 class=\"box-title\">AM\u00c9LIORATION DE LA CONFORMIT\u00c9 R\u00c9GLEMENTAIRE<\/h3><p class=\"box-desc\">Une r\u00e9duction de vos risques lors d'un audit et une d\u00e9monstration facilit\u00e9e de la conformit\u00e9.<\/p><\/div>\t\t<\/div>\n\t\t\t\t<\/div>\n\t\t\t\t\t<\/div>\n\t\t<\/div>\n\t\t\t\t<div class=\"elementor-column elementor-col-33 elementor-top-column elementor-element elementor-element-495b787\" data-id=\"495b787\" data-element_type=\"column\">\n\t\t\t<div class=\"elementor-widget-wrap elementor-element-populated\">\n\t\t\t\t\t\t<div class=\"elementor-element elementor-element-9809195 elementor-widget elementor-widget-betakit-services-item\" data-id=\"9809195\" data-element_type=\"widget\" data-widget_type=\"betakit-services-item.default\">\n\t\t\t\t<div class=\"elementor-widget-container\">\n\t\t\t<div class=\"box has-bg has-primary-bg has-shadow\"><div class=\"box-icon\"><span class=\"s-icon md hydrated\"><i aria-hidden=\"true\" class=\"fas fa-eye\"><\/i><\/span><\/div><h3 class=\"box-title\">VISIBILIT\u00c9 AM\u00c9LIOR\u00c9E<\/h3><p class=\"box-desc\">Une surveillance du service informatique des informations d'identification utilis\u00e9es par les applications.<\/p><\/div>\t\t<\/div>\n\t\t\t\t<\/div>\n\t\t\t\t\t<\/div>\n\t\t<\/div>\n\t\t\t\t\t<\/div>\n\t\t<\/section>\n\t\t\t\t<section class=\"betakit-gap-default elementor-section elementor-top-section elementor-element elementor-element-a64975b elementor-section-boxed elementor-section-height-default elementor-section-height-default\" data-id=\"a64975b\" data-element_type=\"section\">\n\t\t\t\t\t\t<div class=\"elementor-container elementor-column-gap-default\">\n\t\t\t\t\t<div class=\"elementor-column elementor-col-100 elementor-top-column elementor-element elementor-element-2305c1b\" data-id=\"2305c1b\" data-element_type=\"column\">\n\t\t\t<div class=\"elementor-widget-wrap elementor-element-populated\">\n\t\t\t\t\t\t<div class=\"betakit-gap-default elementor-section elementor-inner-section elementor-element elementor-element-8648f00 elementor-section-content-middle elementor-section-boxed elementor-section-height-default elementor-section-height-default\" data-id=\"8648f00\" data-element_type=\"section\" data-settings=\"{&quot;background_background&quot;:&quot;classic&quot;}\">\n\t\t\t\t\t\t\t<div class=\"elementor-background-overlay\"><\/div>\n\t\t\t\t\t\t\t<div class=\"elementor-container elementor-column-gap-default\">\n\t\t\t\t\t<div class=\"elementor-column elementor-col-100 elementor-inner-column elementor-element elementor-element-e0661a8\" data-id=\"e0661a8\" data-element_type=\"column\">\n\t\t\t<div class=\"elementor-widget-wrap elementor-element-populated\">\n\t\t\t\t\t\t<div class=\"elementor-element elementor-element-f1620d2 betakit-transform transform-type-translate elementor-widget elementor-widget-heading\" data-id=\"f1620d2\" data-element_type=\"widget\" data-widget_type=\"heading.default\">\n\t\t\t\t<div class=\"elementor-widget-container\">\n\t\t\t<h2 class=\"elementor-heading-title elementor-size-default\">Pr\u00eat \u00e0 g\u00e9rer les identit\u00e9s et actifs num\u00e9riques au sein de votre entreprise\u00a0?<\/h2>\t\t<\/div>\n\t\t\t\t<\/div>\n\t\t\t\t<div class=\"elementor-element elementor-element-8246352 elementor-align-center elementor-widget__width-auto elementor-widget elementor-widget-button\" data-id=\"8246352\" data-element_type=\"widget\" data-widget_type=\"button.default\">\n\t\t\t\t<div class=\"elementor-widget-container\">\n\t\t\t\t\t<div class=\"elementor-button-wrapper\">\n\t\t\t<a class=\"elementor-button elementor-button-link elementor-size-md\" href=\"https:\/\/www.actwise.eu\/contact\/\">\n\t\t\t\t\t\t<span class=\"elementor-button-content-wrapper\">\n\t\t\t\t\t\t<span class=\"elementor-button-text\">Demandez une d\u00e9mo<\/span>\n\t\t<\/span>\n\t\t\t\t\t<\/a>\n\t\t<\/div>\n\t\t\t\t<\/div>\n\t\t\t\t<\/div>\n\t\t\t\t<div class=\"elementor-element elementor-element-f548970 elementor-align-center elementor-widget__width-auto elementor-widget elementor-widget-button\" data-id=\"f548970\" data-element_type=\"widget\" data-widget_type=\"button.default\">\n\t\t\t\t<div class=\"elementor-widget-container\">\n\t\t\t\t\t<div class=\"elementor-button-wrapper\">\n\t\t\t<a class=\"elementor-button elementor-button-link elementor-size-md\" href=\"https:\/\/www.actwise.eu\/contact\/\">\n\t\t\t\t\t\t<span class=\"elementor-button-content-wrapper\">\n\t\t\t\t\t\t<span class=\"elementor-button-text\">Parlez \u00e0 un expert<\/span>\n\t\t<\/span>\n\t\t\t\t\t<\/a>\n\t\t<\/div>\n\t\t\t\t<\/div>\n\t\t\t\t<\/div>\n\t\t\t\t\t<\/div>\n\t\t<\/div>\n\t\t\t\t\t<\/div>\n\t\t<\/div>\n\t\t\t\t\t<\/div>\n\t\t<\/div>\n\t\t\t\t\t<\/div>\n\t\t<\/section>\n\t\t\t\t<\/div>\n\t\t","protected":false},"excerpt":{"rendered":"<p>Nos services Simplifiez le processus de s\u00e9curisation des identit\u00e9s non humaines dans les pipelines DevOps. Mise en \u0153uvre Qu&#8217;est-ce que le DevSecOps\u00a0? L&#8217;objectif de DevOps est de lier le d\u00e9veloppement et les op\u00e9rations pour r\u00e9duire les d\u00e9lais de commercialisation (\u00ab\u00a0time to market\u00a0\u00bb), obtenir rapidement du feedback et augmenter la satisfaction client. L&#8217;objectif du DevSecOps est&#8230;<\/p>\n","protected":false},"author":12,"featured_media":0,"parent":0,"menu_order":0,"comment_status":"closed","ping_status":"closed","template":"","meta":{"footnotes":""},"yoast_head":"<!-- This site is optimized with the Yoast SEO plugin v22.3 - https:\/\/yoast.com\/wordpress\/plugins\/seo\/ -->\n<title>DevSecOps - ActWise<\/title>\n<meta name=\"robots\" content=\"index, follow, max-snippet:-1, max-image-preview:large, max-video-preview:-1\" \/>\n<link rel=\"canonical\" href=\"https:\/\/www.actwise.eu\/fr\/devsecops\/\" \/>\n<meta property=\"og:locale\" content=\"fr_FR\" \/>\n<meta property=\"og:type\" content=\"article\" \/>\n<meta property=\"og:title\" content=\"DevSecOps - ActWise\" \/>\n<meta property=\"og:description\" content=\"Nos services Simplifiez le processus de s\u00e9curisation des identit\u00e9s non humaines dans les pipelines DevOps. Mise en \u0153uvre Qu&#8217;est-ce que le DevSecOps\u00a0? L&#8217;objectif de DevOps est de lier le d\u00e9veloppement et les op\u00e9rations pour r\u00e9duire les d\u00e9lais de commercialisation (\u00ab\u00a0time to market\u00a0\u00bb), obtenir rapidement du feedback et augmenter la satisfaction client. L&#8217;objectif du DevSecOps est...\" \/>\n<meta property=\"og:url\" content=\"https:\/\/www.actwise.eu\/fr\/devsecops\/\" \/>\n<meta property=\"og:site_name\" content=\"ActWise\" \/>\n<meta property=\"article:modified_time\" content=\"2022-06-24T12:22:56+00:00\" \/>\n<meta property=\"og:image\" content=\"https:\/\/www.actwise.eu\/wp-content\/uploads\/2023\/11\/Actwise-Default-Banner.jpg\" \/>\n\t<meta property=\"og:image:width\" content=\"1200\" \/>\n\t<meta property=\"og:image:height\" content=\"675\" \/>\n\t<meta property=\"og:image:type\" content=\"image\/jpeg\" \/>\n<meta name=\"twitter:card\" content=\"summary_large_image\" \/>\n<meta name=\"twitter:label1\" content=\"Dur\u00e9e de lecture estim\u00e9e\" \/>\n\t<meta name=\"twitter:data1\" content=\"1 minute\" \/>\n<script type=\"application\/ld+json\" class=\"yoast-schema-graph\">{\"@context\":\"https:\/\/schema.org\",\"@graph\":[{\"@type\":\"WebPage\",\"@id\":\"https:\/\/www.actwise.eu\/fr\/devsecops\/\",\"url\":\"https:\/\/www.actwise.eu\/fr\/devsecops\/\",\"name\":\"DevSecOps - ActWise\",\"isPartOf\":{\"@id\":\"https:\/\/www.actwise.eu\/fr\/#website\"},\"datePublished\":\"2021-12-20T18:10:08+00:00\",\"dateModified\":\"2022-06-24T12:22:56+00:00\",\"breadcrumb\":{\"@id\":\"https:\/\/www.actwise.eu\/fr\/devsecops\/#breadcrumb\"},\"inLanguage\":\"fr-FR\",\"potentialAction\":[{\"@type\":\"ReadAction\",\"target\":[\"https:\/\/www.actwise.eu\/fr\/devsecops\/\"]}]},{\"@type\":\"BreadcrumbList\",\"@id\":\"https:\/\/www.actwise.eu\/fr\/devsecops\/#breadcrumb\",\"itemListElement\":[{\"@type\":\"ListItem\",\"position\":1,\"name\":\"Home\",\"item\":\"https:\/\/www.actwise.eu\/fr\/\"},{\"@type\":\"ListItem\",\"position\":2,\"name\":\"DevSecOps\"}]},{\"@type\":\"WebSite\",\"@id\":\"https:\/\/www.actwise.eu\/fr\/#website\",\"url\":\"https:\/\/www.actwise.eu\/fr\/\",\"name\":\"Actwise\",\"description\":\"Securing the keys to your digital kingdom\",\"publisher\":{\"@id\":\"https:\/\/www.actwise.eu\/fr\/#organization\"},\"potentialAction\":[{\"@type\":\"SearchAction\",\"target\":{\"@type\":\"EntryPoint\",\"urlTemplate\":\"https:\/\/www.actwise.eu\/fr\/?s={search_term_string}\"},\"query-input\":\"required name=search_term_string\"}],\"inLanguage\":\"fr-FR\"},{\"@type\":\"Organization\",\"@id\":\"https:\/\/www.actwise.eu\/fr\/#organization\",\"name\":\"Actwise\",\"url\":\"https:\/\/www.actwise.eu\/fr\/\",\"logo\":{\"@type\":\"ImageObject\",\"inLanguage\":\"fr-FR\",\"@id\":\"https:\/\/www.actwise.eu\/fr\/#\/schema\/logo\/image\/\",\"url\":\"https:\/\/www.actwise.eu\/wp-content\/uploads\/2021\/12\/Logo_ActWise__hoofdlogo_kleur_300dpi_transparant.png\",\"contentUrl\":\"https:\/\/www.actwise.eu\/wp-content\/uploads\/2021\/12\/Logo_ActWise__hoofdlogo_kleur_300dpi_transparant.png\",\"width\":4500,\"height\":1451,\"caption\":\"Actwise\"},\"image\":{\"@id\":\"https:\/\/www.actwise.eu\/fr\/#\/schema\/logo\/image\/\"}}]}<\/script>\n<!-- \/ Yoast SEO plugin. -->","yoast_head_json":{"title":"DevSecOps - ActWise","robots":{"index":"index","follow":"follow","max-snippet":"max-snippet:-1","max-image-preview":"max-image-preview:large","max-video-preview":"max-video-preview:-1"},"canonical":"https:\/\/www.actwise.eu\/fr\/devsecops\/","og_locale":"fr_FR","og_type":"article","og_title":"DevSecOps - ActWise","og_description":"Nos services Simplifiez le processus de s\u00e9curisation des identit\u00e9s non humaines dans les pipelines DevOps. Mise en \u0153uvre Qu&#8217;est-ce que le DevSecOps\u00a0? L&#8217;objectif de DevOps est de lier le d\u00e9veloppement et les op\u00e9rations pour r\u00e9duire les d\u00e9lais de commercialisation (\u00ab\u00a0time to market\u00a0\u00bb), obtenir rapidement du feedback et augmenter la satisfaction client. L&#8217;objectif du DevSecOps est...","og_url":"https:\/\/www.actwise.eu\/fr\/devsecops\/","og_site_name":"ActWise","article_modified_time":"2022-06-24T12:22:56+00:00","og_image":[{"width":1200,"height":675,"url":"https:\/\/www.actwise.eu\/wp-content\/uploads\/2023\/11\/Actwise-Default-Banner.jpg","type":"image\/jpeg"}],"twitter_card":"summary_large_image","twitter_misc":{"Dur\u00e9e de lecture estim\u00e9e":"1 minute"},"schema":{"@context":"https:\/\/schema.org","@graph":[{"@type":"WebPage","@id":"https:\/\/www.actwise.eu\/fr\/devsecops\/","url":"https:\/\/www.actwise.eu\/fr\/devsecops\/","name":"DevSecOps - ActWise","isPartOf":{"@id":"https:\/\/www.actwise.eu\/fr\/#website"},"datePublished":"2021-12-20T18:10:08+00:00","dateModified":"2022-06-24T12:22:56+00:00","breadcrumb":{"@id":"https:\/\/www.actwise.eu\/fr\/devsecops\/#breadcrumb"},"inLanguage":"fr-FR","potentialAction":[{"@type":"ReadAction","target":["https:\/\/www.actwise.eu\/fr\/devsecops\/"]}]},{"@type":"BreadcrumbList","@id":"https:\/\/www.actwise.eu\/fr\/devsecops\/#breadcrumb","itemListElement":[{"@type":"ListItem","position":1,"name":"Home","item":"https:\/\/www.actwise.eu\/fr\/"},{"@type":"ListItem","position":2,"name":"DevSecOps"}]},{"@type":"WebSite","@id":"https:\/\/www.actwise.eu\/fr\/#website","url":"https:\/\/www.actwise.eu\/fr\/","name":"Actwise","description":"Securing the keys to your digital kingdom","publisher":{"@id":"https:\/\/www.actwise.eu\/fr\/#organization"},"potentialAction":[{"@type":"SearchAction","target":{"@type":"EntryPoint","urlTemplate":"https:\/\/www.actwise.eu\/fr\/?s={search_term_string}"},"query-input":"required name=search_term_string"}],"inLanguage":"fr-FR"},{"@type":"Organization","@id":"https:\/\/www.actwise.eu\/fr\/#organization","name":"Actwise","url":"https:\/\/www.actwise.eu\/fr\/","logo":{"@type":"ImageObject","inLanguage":"fr-FR","@id":"https:\/\/www.actwise.eu\/fr\/#\/schema\/logo\/image\/","url":"https:\/\/www.actwise.eu\/wp-content\/uploads\/2021\/12\/Logo_ActWise__hoofdlogo_kleur_300dpi_transparant.png","contentUrl":"https:\/\/www.actwise.eu\/wp-content\/uploads\/2021\/12\/Logo_ActWise__hoofdlogo_kleur_300dpi_transparant.png","width":4500,"height":1451,"caption":"Actwise"},"image":{"@id":"https:\/\/www.actwise.eu\/fr\/#\/schema\/logo\/image\/"}}]}},"_links":{"self":[{"href":"https:\/\/www.actwise.eu\/fr\/wp-json\/wp\/v2\/pages\/7240"}],"collection":[{"href":"https:\/\/www.actwise.eu\/fr\/wp-json\/wp\/v2\/pages"}],"about":[{"href":"https:\/\/www.actwise.eu\/fr\/wp-json\/wp\/v2\/types\/page"}],"author":[{"embeddable":true,"href":"https:\/\/www.actwise.eu\/fr\/wp-json\/wp\/v2\/users\/12"}],"replies":[{"embeddable":true,"href":"https:\/\/www.actwise.eu\/fr\/wp-json\/wp\/v2\/comments?post=7240"}],"version-history":[{"count":4,"href":"https:\/\/www.actwise.eu\/fr\/wp-json\/wp\/v2\/pages\/7240\/revisions"}],"predecessor-version":[{"id":7365,"href":"https:\/\/www.actwise.eu\/fr\/wp-json\/wp\/v2\/pages\/7240\/revisions\/7365"}],"wp:attachment":[{"href":"https:\/\/www.actwise.eu\/fr\/wp-json\/wp\/v2\/media?parent=7240"}],"curies":[{"name":"wp","href":"https:\/\/api.w.org\/{rel}","templated":true}]}}