{"id":7246,"date":"2021-12-21T16:18:33","date_gmt":"2021-12-21T15:18:33","guid":{"rendered":"https:\/\/www.actwise.eu\/perspectives\/"},"modified":"2022-06-23T15:51:27","modified_gmt":"2022-06-23T13:51:27","slug":"perspectives","status":"publish","type":"page","link":"https:\/\/www.actwise.eu\/fr\/perspectives\/","title":{"rendered":"Perspectives"},"content":{"rendered":"\t\t<div data-elementor-type=\"wp-page\" data-elementor-id=\"7246\" class=\"elementor elementor-7246 elementor-2829\" data-elementor-post-type=\"page\">\n\t\t\t\t\t\t<section class=\"betakit-gap-default elementor-section elementor-top-section elementor-element elementor-element-3d2b277 elementor-section-height-min-height elementor-section-boxed elementor-section-height-default elementor-section-items-middle\" data-id=\"3d2b277\" data-element_type=\"section\" data-settings=\"{&quot;background_background&quot;:&quot;classic&quot;}\">\n\t\t\t\t\t\t\t<div class=\"elementor-background-overlay\"><\/div>\n\t\t\t\t\t\t\t<div class=\"elementor-container elementor-column-gap-default\">\n\t\t\t\t\t<div class=\"elementor-column elementor-col-100 elementor-top-column elementor-element elementor-element-23c8f52\" data-id=\"23c8f52\" data-element_type=\"column\">\n\t\t\t<div class=\"elementor-widget-wrap elementor-element-populated\">\n\t\t\t\t\t\t<div class=\"elementor-element elementor-element-08899e2 betakit-transform transform-type-translate elementor-widget elementor-widget-heading\" data-id=\"08899e2\" data-element_type=\"widget\" data-widget_type=\"heading.default\">\n\t\t\t\t<div class=\"elementor-widget-container\">\n\t\t\t<style>\/*! elementor - v3.20.0 - 13-03-2024 *\/\n.elementor-heading-title{padding:0;margin:0;line-height:1}.elementor-widget-heading .elementor-heading-title[class*=elementor-size-]>a{color:inherit;font-size:inherit;line-height:inherit}.elementor-widget-heading .elementor-heading-title.elementor-size-small{font-size:15px}.elementor-widget-heading .elementor-heading-title.elementor-size-medium{font-size:19px}.elementor-widget-heading .elementor-heading-title.elementor-size-large{font-size:29px}.elementor-widget-heading .elementor-heading-title.elementor-size-xl{font-size:39px}.elementor-widget-heading .elementor-heading-title.elementor-size-xxl{font-size:59px}<\/style><h5 class=\"elementor-heading-title elementor-size-default\">Blog<\/h5>\t\t<\/div>\n\t\t\t\t<\/div>\n\t\t\t\t<div class=\"elementor-element elementor-element-7c2f96a betakit-transform transform-type-translate elementor-widget elementor-widget-heading\" data-id=\"7c2f96a\" data-element_type=\"widget\" data-widget_type=\"heading.default\">\n\t\t\t\t<div class=\"elementor-widget-container\">\n\t\t\t<h1 class=\"elementor-heading-title elementor-size-default\">Perspectives<\/h1>\t\t<\/div>\n\t\t\t\t<\/div>\n\t\t\t\t<div class=\"elementor-element elementor-element-3d73589 betakit-transform transform-type-translate elementor-widget elementor-widget-heading\" data-id=\"3d73589\" data-element_type=\"widget\" data-widget_type=\"heading.default\">\n\t\t\t\t<div class=\"elementor-widget-container\">\n\t\t\t<div class=\"elementor-heading-title elementor-size-default\">Lisez nos derni\u00e8res r\u00e9flexions, nos diff\u00e9rents cas, et bien plus.<\/div>\t\t<\/div>\n\t\t\t\t<\/div>\n\t\t\t\t\t<\/div>\n\t\t<\/div>\n\t\t\t\t\t<\/div>\n\t\t<\/section>\n\t\t\t\t<section class=\"betakit-gap-default elementor-section elementor-top-section elementor-element elementor-element-614d98f elementor-section-boxed elementor-section-height-default elementor-section-height-default\" data-id=\"614d98f\" data-element_type=\"section\">\n\t\t\t\t\t\t<div class=\"elementor-container elementor-column-gap-default\">\n\t\t\t\t\t<div class=\"elementor-column elementor-col-100 elementor-top-column elementor-element elementor-element-2888c4d\" data-id=\"2888c4d\" data-element_type=\"column\">\n\t\t\t<div class=\"elementor-widget-wrap elementor-element-populated\">\n\t\t\t\t\t\t<div class=\"elementor-element elementor-element-1624002 elementor-widget elementor-widget-betakit-blog-zigzag\" data-id=\"1624002\" data-element_type=\"widget\" data-widget_type=\"betakit-blog-zigzag.default\">\n\t\t\t\t<div class=\"elementor-widget-container\">\n\t\t\t<p class=\"text\">No post found!<\/p>\t\t<\/div>\n\t\t\t\t<\/div>\n\t\t\t\t\t<\/div>\n\t\t<\/div>\n\t\t\t\t\t<\/div>\n\t\t<\/section>\n\t\t\t\t<\/div>\n\t\t","protected":false},"excerpt":{"rendered":"<p>Blog Lisez nos derni\u00e8res r\u00e9flexions, nos diff\u00e9rents cas, et bien plus. No post found!<\/p>\n","protected":false},"author":12,"featured_media":0,"parent":0,"menu_order":0,"comment_status":"closed","ping_status":"closed","template":"","meta":{"footnotes":""},"yoast_head":"<!-- This site is optimized with the Yoast SEO plugin v22.3 - https:\/\/yoast.com\/wordpress\/plugins\/seo\/ -->\n<title>Perspectives - ActWise<\/title>\n<meta name=\"robots\" content=\"index, follow, max-snippet:-1, max-image-preview:large, max-video-preview:-1\" \/>\n<link rel=\"canonical\" href=\"https:\/\/www.actwise.eu\/fr\/perspectives\/\" \/>\n<meta property=\"og:locale\" content=\"fr_FR\" \/>\n<meta property=\"og:type\" content=\"article\" \/>\n<meta property=\"og:title\" content=\"Perspectives - ActWise\" \/>\n<meta property=\"og:description\" content=\"Blog Lisez nos derni\u00e8res r\u00e9flexions, nos diff\u00e9rents cas, et bien plus. No post found!\" \/>\n<meta property=\"og:url\" content=\"https:\/\/www.actwise.eu\/fr\/perspectives\/\" \/>\n<meta property=\"og:site_name\" content=\"ActWise\" \/>\n<meta property=\"article:modified_time\" content=\"2022-06-23T13:51:27+00:00\" \/>\n<meta property=\"og:image\" content=\"https:\/\/www.actwise.eu\/wp-content\/uploads\/2023\/11\/Actwise-Default-Banner.jpg\" \/>\n\t<meta property=\"og:image:width\" content=\"1200\" \/>\n\t<meta property=\"og:image:height\" content=\"675\" \/>\n\t<meta property=\"og:image:type\" content=\"image\/jpeg\" \/>\n<meta name=\"twitter:card\" content=\"summary_large_image\" \/>\n<script type=\"application\/ld+json\" class=\"yoast-schema-graph\">{\"@context\":\"https:\/\/schema.org\",\"@graph\":[{\"@type\":\"WebPage\",\"@id\":\"https:\/\/www.actwise.eu\/fr\/perspectives\/\",\"url\":\"https:\/\/www.actwise.eu\/fr\/perspectives\/\",\"name\":\"Perspectives - ActWise\",\"isPartOf\":{\"@id\":\"https:\/\/www.actwise.eu\/fr\/#website\"},\"datePublished\":\"2021-12-21T15:18:33+00:00\",\"dateModified\":\"2022-06-23T13:51:27+00:00\",\"breadcrumb\":{\"@id\":\"https:\/\/www.actwise.eu\/fr\/perspectives\/#breadcrumb\"},\"inLanguage\":\"fr-FR\",\"potentialAction\":[{\"@type\":\"ReadAction\",\"target\":[\"https:\/\/www.actwise.eu\/fr\/perspectives\/\"]}]},{\"@type\":\"BreadcrumbList\",\"@id\":\"https:\/\/www.actwise.eu\/fr\/perspectives\/#breadcrumb\",\"itemListElement\":[{\"@type\":\"ListItem\",\"position\":1,\"name\":\"Home\",\"item\":\"https:\/\/www.actwise.eu\/fr\/\"},{\"@type\":\"ListItem\",\"position\":2,\"name\":\"Perspectives\"}]},{\"@type\":\"WebSite\",\"@id\":\"https:\/\/www.actwise.eu\/fr\/#website\",\"url\":\"https:\/\/www.actwise.eu\/fr\/\",\"name\":\"Actwise\",\"description\":\"Securing the keys to your digital kingdom\",\"publisher\":{\"@id\":\"https:\/\/www.actwise.eu\/fr\/#organization\"},\"potentialAction\":[{\"@type\":\"SearchAction\",\"target\":{\"@type\":\"EntryPoint\",\"urlTemplate\":\"https:\/\/www.actwise.eu\/fr\/?s={search_term_string}\"},\"query-input\":\"required name=search_term_string\"}],\"inLanguage\":\"fr-FR\"},{\"@type\":\"Organization\",\"@id\":\"https:\/\/www.actwise.eu\/fr\/#organization\",\"name\":\"Actwise\",\"url\":\"https:\/\/www.actwise.eu\/fr\/\",\"logo\":{\"@type\":\"ImageObject\",\"inLanguage\":\"fr-FR\",\"@id\":\"https:\/\/www.actwise.eu\/fr\/#\/schema\/logo\/image\/\",\"url\":\"https:\/\/www.actwise.eu\/wp-content\/uploads\/2021\/12\/Logo_ActWise__hoofdlogo_kleur_300dpi_transparant.png\",\"contentUrl\":\"https:\/\/www.actwise.eu\/wp-content\/uploads\/2021\/12\/Logo_ActWise__hoofdlogo_kleur_300dpi_transparant.png\",\"width\":4500,\"height\":1451,\"caption\":\"Actwise\"},\"image\":{\"@id\":\"https:\/\/www.actwise.eu\/fr\/#\/schema\/logo\/image\/\"}}]}<\/script>\n<!-- \/ Yoast SEO plugin. -->","yoast_head_json":{"title":"Perspectives - ActWise","robots":{"index":"index","follow":"follow","max-snippet":"max-snippet:-1","max-image-preview":"max-image-preview:large","max-video-preview":"max-video-preview:-1"},"canonical":"https:\/\/www.actwise.eu\/fr\/perspectives\/","og_locale":"fr_FR","og_type":"article","og_title":"Perspectives - ActWise","og_description":"Blog Lisez nos derni\u00e8res r\u00e9flexions, nos diff\u00e9rents cas, et bien plus. No post found!","og_url":"https:\/\/www.actwise.eu\/fr\/perspectives\/","og_site_name":"ActWise","article_modified_time":"2022-06-23T13:51:27+00:00","og_image":[{"width":1200,"height":675,"url":"https:\/\/www.actwise.eu\/wp-content\/uploads\/2023\/11\/Actwise-Default-Banner.jpg","type":"image\/jpeg"}],"twitter_card":"summary_large_image","schema":{"@context":"https:\/\/schema.org","@graph":[{"@type":"WebPage","@id":"https:\/\/www.actwise.eu\/fr\/perspectives\/","url":"https:\/\/www.actwise.eu\/fr\/perspectives\/","name":"Perspectives - ActWise","isPartOf":{"@id":"https:\/\/www.actwise.eu\/fr\/#website"},"datePublished":"2021-12-21T15:18:33+00:00","dateModified":"2022-06-23T13:51:27+00:00","breadcrumb":{"@id":"https:\/\/www.actwise.eu\/fr\/perspectives\/#breadcrumb"},"inLanguage":"fr-FR","potentialAction":[{"@type":"ReadAction","target":["https:\/\/www.actwise.eu\/fr\/perspectives\/"]}]},{"@type":"BreadcrumbList","@id":"https:\/\/www.actwise.eu\/fr\/perspectives\/#breadcrumb","itemListElement":[{"@type":"ListItem","position":1,"name":"Home","item":"https:\/\/www.actwise.eu\/fr\/"},{"@type":"ListItem","position":2,"name":"Perspectives"}]},{"@type":"WebSite","@id":"https:\/\/www.actwise.eu\/fr\/#website","url":"https:\/\/www.actwise.eu\/fr\/","name":"Actwise","description":"Securing the keys to your digital kingdom","publisher":{"@id":"https:\/\/www.actwise.eu\/fr\/#organization"},"potentialAction":[{"@type":"SearchAction","target":{"@type":"EntryPoint","urlTemplate":"https:\/\/www.actwise.eu\/fr\/?s={search_term_string}"},"query-input":"required name=search_term_string"}],"inLanguage":"fr-FR"},{"@type":"Organization","@id":"https:\/\/www.actwise.eu\/fr\/#organization","name":"Actwise","url":"https:\/\/www.actwise.eu\/fr\/","logo":{"@type":"ImageObject","inLanguage":"fr-FR","@id":"https:\/\/www.actwise.eu\/fr\/#\/schema\/logo\/image\/","url":"https:\/\/www.actwise.eu\/wp-content\/uploads\/2021\/12\/Logo_ActWise__hoofdlogo_kleur_300dpi_transparant.png","contentUrl":"https:\/\/www.actwise.eu\/wp-content\/uploads\/2021\/12\/Logo_ActWise__hoofdlogo_kleur_300dpi_transparant.png","width":4500,"height":1451,"caption":"Actwise"},"image":{"@id":"https:\/\/www.actwise.eu\/fr\/#\/schema\/logo\/image\/"}}]}},"_links":{"self":[{"href":"https:\/\/www.actwise.eu\/fr\/wp-json\/wp\/v2\/pages\/7246"}],"collection":[{"href":"https:\/\/www.actwise.eu\/fr\/wp-json\/wp\/v2\/pages"}],"about":[{"href":"https:\/\/www.actwise.eu\/fr\/wp-json\/wp\/v2\/types\/page"}],"author":[{"embeddable":true,"href":"https:\/\/www.actwise.eu\/fr\/wp-json\/wp\/v2\/users\/12"}],"replies":[{"embeddable":true,"href":"https:\/\/www.actwise.eu\/fr\/wp-json\/wp\/v2\/comments?post=7246"}],"version-history":[{"count":4,"href":"https:\/\/www.actwise.eu\/fr\/wp-json\/wp\/v2\/pages\/7246\/revisions"}],"predecessor-version":[{"id":7318,"href":"https:\/\/www.actwise.eu\/fr\/wp-json\/wp\/v2\/pages\/7246\/revisions\/7318"}],"wp:attachment":[{"href":"https:\/\/www.actwise.eu\/fr\/wp-json\/wp\/v2\/media?parent=7246"}],"curies":[{"name":"wp","href":"https:\/\/api.w.org\/{rel}","templated":true}]}}