{"id":7267,"date":"2022-01-14T14:32:10","date_gmt":"2022-01-14T13:32:10","guid":{"rendered":"https:\/\/www.actwise.eu\/politique-des-cookies\/"},"modified":"2022-06-20T10:40:47","modified_gmt":"2022-06-20T08:40:47","slug":"politique-des-cookies","status":"publish","type":"page","link":"https:\/\/www.actwise.eu\/fr\/politique-des-cookies\/","title":{"rendered":"Politique des cookies"},"content":{"rendered":"\n<h2 class=\"wp-block-heading\"><strong>1. Qui nous sommes<\/strong><\/h2>\n\n<p>Dans cette politique relative aux cookies, \u00ab\u00a0nous\u00a0\u00bb, \u00ab\u00a0notre\u00a0\u00bb ou \u00ab\u00a0nos\u00a0\u00bb d\u00e9signent ActWise NV, dont le si\u00e8ge social est situ\u00e9 \u00e0 Veldkant 33A, 2550 Kontich, Belgique et dont le num\u00e9ro d&#8217;entreprise est BE 0779.808.239. Nous agissons en tant que responsable du traitement des donn\u00e9es personnelles que nous recueillons lors de votre utilisation de notre site Web <a href=\"https:\/\/www.actwise.eu\/fr\/\">https:\/\/www.actwise.eu<\/a>.<\/p>\n\n<p>\u00c9tant donn\u00e9 que notre site Web utilise des \u00ab\u00a0cookies\u00a0\u00bb, nous souhaitons vous informer au sujet des diff\u00e9rents types de cookies que nous et nos fournisseurs de services utilisons, et sur la mani\u00e8re dont vous pouvez g\u00e9rer et bloquer ces cookies.<\/p>\n\n<p>Si vous avez des questions, des pr\u00e9occupations ou des r\u00e9clamations concernant cette Politique des cookies ou notre utilisation des cookies, ou si vous souhaitez r\u00e9voquer votre consentement, vous pouvez contacter notre service de confidentialit\u00e9\u00a0:<\/p>\n\n<ul><li>Par e-mail: <a href=\"&#x6d;&#x61;&#x69;&#x6c;&#116;&#111;&#58;pr&#x69;&#x76;&#x61;&#x63;&#x79;&#64;&#97;&#99;tw&#x69;&#x73;&#x65;&#x2e;&#x65;&#117;\">&#x70;&#x72;&#x69;&#x76;&#x61;&#x63;&#x79;&#64;&#97;&#99;&#116;&#119;ise&#46;&#x65;&#x75;<\/a> \u00e0 l&#8217;attention de notre Data Protection Officer<\/li><li>Par courrier\u00a0: \u00e0 l&#8217;attention du Data Protection Officer ActWise\u2013 ActWise NV, Veldkant 33A, 2550 Kontich, Belgium<\/li><\/ul>\n\n<p>Cette politique de confidentialit\u00e9 a \u00e9t\u00e9 r\u00e9vis\u00e9e pour la derni\u00e8re fois le 14\/12\/2021<\/p>\n\n<h2 class=\"wp-block-heading\"><strong>2. <\/strong>Cookies<\/h2>\n\n<h3 class=\"wp-block-heading\">Que sont les cookies\u00a0?<\/h3>\n\n<p>Les cookies sont de petits fichiers de donn\u00e9es qu\u2019un site Web demande \u00e0 votre navigateur d\u2019enregistrer sur votre ordinateur ou sur votre appareil mobile lorsque vous visitez le site Web ou certaines pages. Ils permettent au site Web de se \u00ab\u00a0souvenir\u00a0\u00bb de vos actions ou de vos pr\u00e9f\u00e9rences et de les appliquer lors de visites ult\u00e9rieures (votre langue pr\u00e9f\u00e9r\u00e9e, par exemple).<\/p>\n\n<p>Les cookies contiennent g\u00e9n\u00e9ralement le nom du site Web \u00e0 l\u2019origine du cookie, la dur\u00e9e pendant laquelle le cookie restera enregistr\u00e9 sur votre appareil (sa date d&#8217;expiration) et une valeur qui est habituellement un num\u00e9ro unique g\u00e9n\u00e9r\u00e9 de mani\u00e8re al\u00e9atoire.<\/p>\n\n<p>Les cookies strictement n\u00e9cessaires se distinguent des autres cookies.<\/p>\n\n<p>Comme leur nom l&#8217;indique, ils sont n\u00e9cessaires au bon fonctionnement du site, par exemple pour sa s\u00e9curit\u00e9 et son accessibilit\u00e9. En vertu de la l\u00e9gislation applicable, nous ne sommes pas tenus de demander votre consentement pour les utiliser. Les cookies peuvent aussi \u00eatre distingu\u00e9s selon leur objectif sp\u00e9cifique. Nous vous demanderons votre consentement pour chacune de ces cat\u00e9gories (sauf si elles sont strictement n\u00e9cessaires).<\/p>\n\n<h3 class=\"wp-block-heading\">Les cookies peuvent \u00eatre r\u00e9partis dans les cat\u00e9gories suivantes\u00a0:<\/h3>\n\n<p>(a) Cookies permanents et cookies de session\u00a0: la vocation d&#8217;un cookie permanent est de reconna\u00eetre le navigateur en vue de r\u00e9p\u00e9ter les visites sur le site, tandis que celle d&#8217;un cookie de session est de reconna\u00eetre le navigateur lors de la visite du site. Les cookies permanents sont stock\u00e9s sur votre ordinateur ou votre appareil mobile. Les cookies de session sont supprim\u00e9s \u00e0 la fin de chaque session.<\/p>\n\n<p>(b) Cookies propri\u00e9taires et cookies tiers\u00a0: les cookies propri\u00e9taires sont d\u00e9finis par le site Web lui-m\u00eame. Les cookies tiers sont d\u00e9finis par d&#8217;autres sites Web. Cela se produit lorsque notre site Web int\u00e8gre des \u00e9l\u00e9ments d&#8217;autres sites Web, tels que des plugins de r\u00e9seaux sociaux ou des publicit\u00e9s.<\/p>\n\n<p>(c) Cookies de performance et cookies fonctionnels\u00a0: les cookies de performance \u00e9value la fa\u00e7on dont l&#8217;internaute utilise le site Web. Cela permet \u00e0 l&#8217;administrateur du site Web d&#8217;en adapter et d&#8217;en optimiser le contenu et la facilit\u00e9 d&#8217;utilisation (ex.\u00a0: combien de personnes ont visit\u00e9 quelles pages et quelle est la langue la plus populaire). Les cookies fonctionnels sont des cookies qui m\u00e9morisent vos pr\u00e9f\u00e9rences (telles que la langue) et permettent de rendre le site plus convivial en am\u00e9liorant votre exp\u00e9rience utilisateur.<\/p>\n\n<p>Les cookies ne contiennent pas toujours des donn\u00e9es personnelles mais peuvent contenir des informations susceptibles de conduire \u00e0 votre identification\u00a0; ces cookies sont alors trait\u00e9s comme des donn\u00e9es personnelles. Dans la mesure o\u00f9 un cookie peut \u00eatre consid\u00e9r\u00e9 comme une donn\u00e9e personnelle, notre politique de confidentialit\u00e9 s&#8217;applique. Vous trouverez plus d&#8217;informations sur la confidentialit\u00e9, la protection des donn\u00e9es et vos droits dans la politique de confidentialit\u00e9.<\/p>\n\n<h3 class=\"wp-block-heading\">Quels cookies utilisons-nous\u00a0?<\/h3>\n\n<p>Cookies strictement n\u00e9cessaires\u00a0: ces cookies sont indispensables au fonctionnement de notre site Web. Il s\u2019agit par exemple des cookies qui vous permettent de vous connecter. Ils ne n\u00e9cessitent aucun consentement.<\/p>\n\n<p>Autres cookies\u00a0: ces cookies peuvent \u00eatre divis\u00e9s en diff\u00e9rentes cat\u00e9gories, tel que mentionn\u00e9 pr\u00e9c\u00e9demment dans cette politique. Ces cookies requi\u00e8rent votre consentement.<\/p>\n\n<h3 class=\"wp-block-heading\">Cookies utilis\u00e9s par nos partenaires<\/h3>\n\n<p>Notre site Web utilise des plugins de r\u00e9seaux sociaux. Ces partenaires de r\u00e9seaux sociaux utilisent des cookies tiers. Les partenaires de r\u00e9seaux sociaux sont les suivants\u00a0: Twitter, Facebook, LinkedIn et YouTube. Nous r\u00e9f\u00e9rons \u00e0 l&#8217;article\u00a05 de la politique de confidentialit\u00e9 pour la mani\u00e8re dont nous utilisons ces plugins de r\u00e9seaux sociaux. Pour votre information, nous vous fournissons \u00e9galement les liens vers les politiques de cookies pertinentes\u00a0:<\/p>\n\n<ul><li>Twitter\u00a0: <a href=\"https:\/\/help.twitter.com\/fr\/rules-and-policies\/twitter-cookies\">https:\/\/help.twitter.com\/fr\/rules-and-policies\/twitter-cookies<\/a>;<\/li><li>Facebook\u00a0: <a href=\"https:\/\/fr-fr.facebook.com\/policies\/cookies\/\">https:\/\/fr-fr.facebook.com\/policies\/cookies\/<\/a><\/li><li>LinkedIn\u00a0: <a href=\"https:\/\/fr.linkedin.com\/legal\/cookie-policy?\">https:\/\/fr.linkedin.com\/legal\/cookie-policy?<\/a><\/li><li>YouTube\u00a0: <a href=\"https:\/\/policies.google.com\/technologies\/cookies?hl=fr\">https:\/\/policies.google.com\/technologies\/cookies?hl=fr<\/a>.<\/li><\/ul>\n\n<h3 class=\"wp-block-heading\">Gestion et blocage des cookies<\/h3>\n\n<p>Lorsqu&#8217;ils naviguent sur le site, les internautes sont inform\u00e9s (par une fen\u00eatre contextuelle) des cookies utilis\u00e9s\u00a0; leur consentement leur sera demand\u00e9 pour chacun des cookies. Vous pouvez \u00e0 tout moment g\u00e9rer ou supprimer les cookies dans les param\u00e8tres de votre navigateur pour refuser tout ou partie des cookies (\u00e0 l&#8217;exception des cookies strictement n\u00e9cessaires, car ces cookies sont indispensables au bon fonctionnement du site). En d\u00e9sactivant les cookies, vous limitez les services que nous pouvons vous fournir et votre exp\u00e9rience utilisateur pourra en \u00eatre affect\u00e9e. En supprimant les cookies, vous pourriez devoir r\u00e9gler vos pr\u00e9f\u00e9rences manuellement \u00e0 chaque fois que vous vous rendez sur notre site Web.<\/p>\n\n<p>Pour obtenir plus de d\u00e9tails sur le contr\u00f4le et\/ou la suppression des cookies, consultez la page correspondant \u00e0 votre navigateur\u00a0:<\/p>\n\n<ul><li><a href=\"https:\/\/support.google.com\/chrome\/answer\/95647?hl=fr\">https:\/\/support.google.com\/chrome\/answer\/95647?hl=fr<\/a> (Chrome);<\/li><li><a href=\"https:\/\/support.apple.com\/kb\/PH21411\">https:\/\/support.apple.com\/kb\/PH21411<\/a> (Safari);<\/li><li><a href=\"https:\/\/support.microsoft.com\/fr-fr\/windows\/supprimer-et-g%C3%A9rer-les-cookies-168dab11-0753-043d-7c16-ede5947fc64d\">https:\/\/support.microsoft.com\/fr-fr\/windows\/supprimer-et-g%C3%A9rer-les-cookies-168dab11-0753-043d-7c16-ede5947fc64d<\/a> (Internet Explorer);<\/li><li><a href=\"https:\/\/support.mozilla.org\/fr\/kb\/protection-renforcee-contre-pistage-firefox-ordinateur?redirectslug=enable-and-disable-cookies-website-preferences&amp;redirectlocale=en-US\">https:\/\/support.mozilla.org\/fr\/kb\/protection-renforcee-contre-pistage-firefox-ordinateur?redirectslug=enable-and-disable-cookies-website-preferences&amp;redirectlocale=en-US<\/a> (Firefox);<\/li><li><a href=\"http:\/\/www.opera.com\/help\/tutorials\/security\/cookies\/\">http:\/\/www.opera.com\/help\/tutorials\/security\/cookies\/<\/a> (Opera);<\/li><li><a href=\"https:\/\/support.microsoft.com\/fr-fr\/windows\/microsoft-edge-donn%C3%A9es-de-navigation-et-confidentialit%C3%A9-bb8174ba-9d73-dcf2-9b4a-c582b4e640dd\">https:\/\/support.microsoft.com\/fr-fr\/windows\/microsoft-edge-donn%C3%A9es-de-navigation-et-confidentialit%C3%A9-bb8174ba-9d73-dcf2-9b4a-c582b4e640dd<\/a> (Edge);<\/li><li>ou rendez-vous sur <a href=\"http:\/\/aboutcookies.org\/how-to-delete-cookies\/\">http:\/\/aboutcookies.org\/how-to-delete-cookies\/<\/a><\/li><\/ul>\n\n<h2 class=\"wp-block-heading\"><strong>3. Modifications de la politique des cookies<\/strong><\/h2>\n\n<p>Nous nous r\u00e9servons le droit d&#8217;apporter des modifications \u00e0 cette politique des cookies. La version la plus r\u00e9cente de la politique des cookies peut \u00eatre consult\u00e9e sur notre site Web.<\/p>\n","protected":false},"excerpt":{"rendered":"<p>1. Qui nous sommes Dans cette politique relative aux cookies, \u00ab\u00a0nous\u00a0\u00bb, \u00ab\u00a0notre\u00a0\u00bb ou \u00ab\u00a0nos\u00a0\u00bb d\u00e9signent ActWise NV, dont le si\u00e8ge social est situ\u00e9 \u00e0 Veldkant 33A, 2550 Kontich, Belgique et dont le num\u00e9ro d&#8217;entreprise est BE 0779.808.239. Nous agissons en tant que responsable du traitement des donn\u00e9es personnelles que nous recueillons lors de votre utilisation&#8230;<\/p>\n","protected":false},"author":12,"featured_media":0,"parent":0,"menu_order":0,"comment_status":"closed","ping_status":"closed","template":"","meta":{"footnotes":""},"yoast_head":"<!-- This site is optimized with the Yoast SEO plugin v22.3 - https:\/\/yoast.com\/wordpress\/plugins\/seo\/ -->\n<title>Politique des cookies - ActWise<\/title>\n<meta name=\"robots\" content=\"index, follow, max-snippet:-1, max-image-preview:large, max-video-preview:-1\" \/>\n<link rel=\"canonical\" href=\"https:\/\/www.actwise.eu\/fr\/politique-des-cookies\/\" \/>\n<meta property=\"og:locale\" content=\"fr_FR\" \/>\n<meta property=\"og:type\" content=\"article\" \/>\n<meta property=\"og:title\" content=\"Politique des cookies - ActWise\" \/>\n<meta property=\"og:description\" content=\"1. Qui nous sommes Dans cette politique relative aux cookies, \u00ab\u00a0nous\u00a0\u00bb, \u00ab\u00a0notre\u00a0\u00bb ou \u00ab\u00a0nos\u00a0\u00bb d\u00e9signent ActWise NV, dont le si\u00e8ge social est situ\u00e9 \u00e0 Veldkant 33A, 2550 Kontich, Belgique et dont le num\u00e9ro d&#8217;entreprise est BE 0779.808.239. Nous agissons en tant que responsable du traitement des donn\u00e9es personnelles que nous recueillons lors de votre utilisation...\" \/>\n<meta property=\"og:url\" content=\"https:\/\/www.actwise.eu\/fr\/politique-des-cookies\/\" \/>\n<meta property=\"og:site_name\" content=\"ActWise\" \/>\n<meta property=\"article:modified_time\" content=\"2022-06-20T08:40:47+00:00\" \/>\n<meta property=\"og:image\" content=\"https:\/\/www.actwise.eu\/wp-content\/uploads\/2023\/11\/Actwise-Default-Banner.jpg\" \/>\n\t<meta property=\"og:image:width\" content=\"1200\" \/>\n\t<meta property=\"og:image:height\" content=\"675\" \/>\n\t<meta property=\"og:image:type\" content=\"image\/jpeg\" \/>\n<meta name=\"twitter:card\" content=\"summary_large_image\" \/>\n<meta name=\"twitter:label1\" content=\"Dur\u00e9e de lecture estim\u00e9e\" \/>\n\t<meta name=\"twitter:data1\" content=\"6 minutes\" \/>\n<script type=\"application\/ld+json\" class=\"yoast-schema-graph\">{\"@context\":\"https:\/\/schema.org\",\"@graph\":[{\"@type\":\"WebPage\",\"@id\":\"https:\/\/www.actwise.eu\/fr\/politique-des-cookies\/\",\"url\":\"https:\/\/www.actwise.eu\/fr\/politique-des-cookies\/\",\"name\":\"Politique des cookies - ActWise\",\"isPartOf\":{\"@id\":\"https:\/\/www.actwise.eu\/fr\/#website\"},\"datePublished\":\"2022-01-14T13:32:10+00:00\",\"dateModified\":\"2022-06-20T08:40:47+00:00\",\"breadcrumb\":{\"@id\":\"https:\/\/www.actwise.eu\/fr\/politique-des-cookies\/#breadcrumb\"},\"inLanguage\":\"fr-FR\",\"potentialAction\":[{\"@type\":\"ReadAction\",\"target\":[\"https:\/\/www.actwise.eu\/fr\/politique-des-cookies\/\"]}]},{\"@type\":\"BreadcrumbList\",\"@id\":\"https:\/\/www.actwise.eu\/fr\/politique-des-cookies\/#breadcrumb\",\"itemListElement\":[{\"@type\":\"ListItem\",\"position\":1,\"name\":\"Home\",\"item\":\"https:\/\/www.actwise.eu\/fr\/\"},{\"@type\":\"ListItem\",\"position\":2,\"name\":\"Politique des cookies\"}]},{\"@type\":\"WebSite\",\"@id\":\"https:\/\/www.actwise.eu\/fr\/#website\",\"url\":\"https:\/\/www.actwise.eu\/fr\/\",\"name\":\"Actwise\",\"description\":\"Securing the keys to your digital kingdom\",\"publisher\":{\"@id\":\"https:\/\/www.actwise.eu\/fr\/#organization\"},\"potentialAction\":[{\"@type\":\"SearchAction\",\"target\":{\"@type\":\"EntryPoint\",\"urlTemplate\":\"https:\/\/www.actwise.eu\/fr\/?s={search_term_string}\"},\"query-input\":\"required name=search_term_string\"}],\"inLanguage\":\"fr-FR\"},{\"@type\":\"Organization\",\"@id\":\"https:\/\/www.actwise.eu\/fr\/#organization\",\"name\":\"Actwise\",\"url\":\"https:\/\/www.actwise.eu\/fr\/\",\"logo\":{\"@type\":\"ImageObject\",\"inLanguage\":\"fr-FR\",\"@id\":\"https:\/\/www.actwise.eu\/fr\/#\/schema\/logo\/image\/\",\"url\":\"https:\/\/www.actwise.eu\/wp-content\/uploads\/2021\/12\/Logo_ActWise__hoofdlogo_kleur_300dpi_transparant.png\",\"contentUrl\":\"https:\/\/www.actwise.eu\/wp-content\/uploads\/2021\/12\/Logo_ActWise__hoofdlogo_kleur_300dpi_transparant.png\",\"width\":4500,\"height\":1451,\"caption\":\"Actwise\"},\"image\":{\"@id\":\"https:\/\/www.actwise.eu\/fr\/#\/schema\/logo\/image\/\"}}]}<\/script>\n<!-- \/ Yoast SEO plugin. -->","yoast_head_json":{"title":"Politique des cookies - ActWise","robots":{"index":"index","follow":"follow","max-snippet":"max-snippet:-1","max-image-preview":"max-image-preview:large","max-video-preview":"max-video-preview:-1"},"canonical":"https:\/\/www.actwise.eu\/fr\/politique-des-cookies\/","og_locale":"fr_FR","og_type":"article","og_title":"Politique des cookies - ActWise","og_description":"1. Qui nous sommes Dans cette politique relative aux cookies, \u00ab\u00a0nous\u00a0\u00bb, \u00ab\u00a0notre\u00a0\u00bb ou \u00ab\u00a0nos\u00a0\u00bb d\u00e9signent ActWise NV, dont le si\u00e8ge social est situ\u00e9 \u00e0 Veldkant 33A, 2550 Kontich, Belgique et dont le num\u00e9ro d&#8217;entreprise est BE 0779.808.239. Nous agissons en tant que responsable du traitement des donn\u00e9es personnelles que nous recueillons lors de votre utilisation...","og_url":"https:\/\/www.actwise.eu\/fr\/politique-des-cookies\/","og_site_name":"ActWise","article_modified_time":"2022-06-20T08:40:47+00:00","og_image":[{"width":1200,"height":675,"url":"https:\/\/www.actwise.eu\/wp-content\/uploads\/2023\/11\/Actwise-Default-Banner.jpg","type":"image\/jpeg"}],"twitter_card":"summary_large_image","twitter_misc":{"Dur\u00e9e de lecture estim\u00e9e":"6 minutes"},"schema":{"@context":"https:\/\/schema.org","@graph":[{"@type":"WebPage","@id":"https:\/\/www.actwise.eu\/fr\/politique-des-cookies\/","url":"https:\/\/www.actwise.eu\/fr\/politique-des-cookies\/","name":"Politique des cookies - ActWise","isPartOf":{"@id":"https:\/\/www.actwise.eu\/fr\/#website"},"datePublished":"2022-01-14T13:32:10+00:00","dateModified":"2022-06-20T08:40:47+00:00","breadcrumb":{"@id":"https:\/\/www.actwise.eu\/fr\/politique-des-cookies\/#breadcrumb"},"inLanguage":"fr-FR","potentialAction":[{"@type":"ReadAction","target":["https:\/\/www.actwise.eu\/fr\/politique-des-cookies\/"]}]},{"@type":"BreadcrumbList","@id":"https:\/\/www.actwise.eu\/fr\/politique-des-cookies\/#breadcrumb","itemListElement":[{"@type":"ListItem","position":1,"name":"Home","item":"https:\/\/www.actwise.eu\/fr\/"},{"@type":"ListItem","position":2,"name":"Politique des cookies"}]},{"@type":"WebSite","@id":"https:\/\/www.actwise.eu\/fr\/#website","url":"https:\/\/www.actwise.eu\/fr\/","name":"Actwise","description":"Securing the keys to your digital kingdom","publisher":{"@id":"https:\/\/www.actwise.eu\/fr\/#organization"},"potentialAction":[{"@type":"SearchAction","target":{"@type":"EntryPoint","urlTemplate":"https:\/\/www.actwise.eu\/fr\/?s={search_term_string}"},"query-input":"required name=search_term_string"}],"inLanguage":"fr-FR"},{"@type":"Organization","@id":"https:\/\/www.actwise.eu\/fr\/#organization","name":"Actwise","url":"https:\/\/www.actwise.eu\/fr\/","logo":{"@type":"ImageObject","inLanguage":"fr-FR","@id":"https:\/\/www.actwise.eu\/fr\/#\/schema\/logo\/image\/","url":"https:\/\/www.actwise.eu\/wp-content\/uploads\/2021\/12\/Logo_ActWise__hoofdlogo_kleur_300dpi_transparant.png","contentUrl":"https:\/\/www.actwise.eu\/wp-content\/uploads\/2021\/12\/Logo_ActWise__hoofdlogo_kleur_300dpi_transparant.png","width":4500,"height":1451,"caption":"Actwise"},"image":{"@id":"https:\/\/www.actwise.eu\/fr\/#\/schema\/logo\/image\/"}}]}},"_links":{"self":[{"href":"https:\/\/www.actwise.eu\/fr\/wp-json\/wp\/v2\/pages\/7267"}],"collection":[{"href":"https:\/\/www.actwise.eu\/fr\/wp-json\/wp\/v2\/pages"}],"about":[{"href":"https:\/\/www.actwise.eu\/fr\/wp-json\/wp\/v2\/types\/page"}],"author":[{"embeddable":true,"href":"https:\/\/www.actwise.eu\/fr\/wp-json\/wp\/v2\/users\/12"}],"replies":[{"embeddable":true,"href":"https:\/\/www.actwise.eu\/fr\/wp-json\/wp\/v2\/comments?post=7267"}],"version-history":[{"count":1,"href":"https:\/\/www.actwise.eu\/fr\/wp-json\/wp\/v2\/pages\/7267\/revisions"}],"predecessor-version":[{"id":7270,"href":"https:\/\/www.actwise.eu\/fr\/wp-json\/wp\/v2\/pages\/7267\/revisions\/7270"}],"wp:attachment":[{"href":"https:\/\/www.actwise.eu\/fr\/wp-json\/wp\/v2\/media?parent=7267"}],"curies":[{"name":"wp","href":"https:\/\/api.w.org\/{rel}","templated":true}]}}