{"id":7326,"date":"2021-12-10T11:15:09","date_gmt":"2021-12-10T10:15:09","guid":{"rendered":"https:\/\/www.actwise.eu\/politique-de-confidentialite\/"},"modified":"2022-06-24T14:50:36","modified_gmt":"2022-06-24T12:50:36","slug":"politique-de-confidentialite","status":"publish","type":"page","link":"https:\/\/www.actwise.eu\/fr\/politique-de-confidentialite\/","title":{"rendered":"Politique de confidentialit\u00e9"},"content":{"rendered":"\n<p>Cette politique de confidentialit\u00e9 d\u00e9crit les pratiques en mati\u00e8re de confidentialit\u00e9 d&#8217;ActWise NV sur son Site Web (ci-apr\u00e8s\u00a0: la \u00ab\u00a0Politique de confidentialit\u00e9\u00a0\u00bb). Nous nous engageons \u00e0 prot\u00e9ger vos donn\u00e9es personnelles. Cette politique de confidentialit\u00e9 a donc pour vocation de vous expliquer comment vos donn\u00e9es personnelles seront trait\u00e9es en conformit\u00e9 avec la loi belge du 8\u00a0d\u00e9cembre\u00a01992 relative \u00e0 la protection de la vie priv\u00e9e sur le traitement des donn\u00e9es personnelles, pouvant \u00eatre modifi\u00e9e et mise \u00e0 jour de temps \u00e0 autre et conform\u00e9ment au r\u00e8glement (UE) 2016\/679 du Parlement europ\u00e9en et du Conseil du 27\u00a0avril\u00a02016 relatif \u00e0 la protection des personnes physiques \u00e0 l&#8217;\u00e9gard du traitement des donn\u00e9es \u00e0 caract\u00e8re personnel et \u00e0 la libre circulation de ces donn\u00e9es et abrogeant la directive 95\/46\/CE \u00e0 compter de son entr\u00e9e en vigueur (ci-apr\u00e8s la \u00ab\u00a0loi relative \u00e0 la vie priv\u00e9e\u00a0\u00bb). Cette politique de confidentialit\u00e9 nous permet d&#8217;\u00eatre ouverts et transparents, pour vous permettre de faire un choix \u00e9clair\u00e9 au sujet de l&#8217;utilisation de vos donn\u00e9es personnelles.<\/p>\n\n<h2 class=\"wp-block-heading\"><strong>Notre politique de confidentialit\u00e9 d\u00e9taille\u00a0:<\/strong><\/h2>\n\n<ul><li>les donn\u00e9es personnelles collect\u00e9es\u00a0;<\/li><li>la mani\u00e8re dont nous utilisons vos donn\u00e9es personnelles et avec qui elles peuvent \u00eatre partag\u00e9es\u00a0;<\/li><li>vos droits relatifs aux informations recueillies.<\/li><\/ul>\n\n<p>Vos donn\u00e9es personnelles seront collect\u00e9es et trait\u00e9es par ActWise NV, une soci\u00e9t\u00e9 belge ayant son si\u00e8ge social \u00e0 Veldkant 33A, 2550 Kontich, Belgique et enregistr\u00e9e \u00e0 la Banque Carrefour des Entreprises sous le num\u00e9ro BE 0779.808.239.<\/p>\n\n<p>Nous nous r\u00e9servons le droit d&#8217;apporter des modifications \u00e0 notre politique de confidentialit\u00e9. La version la plus r\u00e9cente de notre politique de confidentialit\u00e9 est toujours disponible sur notre site Web. La pr\u00e9sente Politique de confidentialit\u00e9 a \u00e9t\u00e9 r\u00e9vis\u00e9e et mise \u00e0 jour pour la derni\u00e8re fois le 14 d\u00e9cembre 2021.<\/p>\n\n<p>En utilisant notre site Web, vous nous autorisez \u00e0 collecter vos donn\u00e9es personnelles en vue de la r\u00e9alisation des objectifs indiqu\u00e9s dans la pr\u00e9sente Politique de confidentialit\u00e9.<\/p>\n\n<h2 class=\"wp-block-heading\"><strong>Quelles donn\u00e9es personnelles collectons-nous\u00a0?<\/strong><\/h2>\n\n<h3 class=\"wp-block-heading\">Nous collectons diff\u00e9rents types de donn\u00e9es personnelles\u00a0:<\/h3>\n\n<ul><li>les donn\u00e9es personnelles que vous nous communiquez\u00a0: par ex. votre nom, adresse, e-mail, num\u00e9ro de t\u00e9l\u00e9phone lorsque vous saisissez ces informations dans le formulaire de contact, et toute autre information suppl\u00e9mentaire \u00e0 la suite de l&#8217;achat de services\u00a0:<\/li><li>Les donn\u00e9es personnelles que nous r\u00e9coltons suite \u00e0 votre utilisation de notre site Web ou de nos services sont les suivantes\u00a0:<ul><li>des informations de journal\u00a0: nous collectons certaines donn\u00e9es dans nos journaux serveurs, qui incluent, mais sans s&#8217;y limiter\u00a0:<\/li><li>l&#8217;adresse de protocole Internet\u00a0;<\/li><li>les informations sur le navigateur\u00a0;<\/li><li>le site Web externe qui vous a r\u00e9f\u00e9r\u00e9\u00a0;<\/li><li>les pages que vous avez visit\u00e9es sur notre site Web\u00a0;<\/li><li>la date et l&#8217;heure \u00e0 laquelle vous avez visit\u00e9 chaque page\u00a0;<\/li><li>des d\u00e9tails sur votre utilisation de nos services.<\/li><li>Des informations sur votre appareil\u00a0: nous pouvons collecter des donn\u00e9es sp\u00e9cifiques sur votre appareil, comme par exemple le num\u00e9ro de s\u00e9rie, le type de mat\u00e9riel, la version, etc.<\/li><li>le stockage local\u00a0: nous collectons et enregistrons vos donn\u00e9es (y compris les donn\u00e9es personnelles) en utilisant le stockage Web du navigateur, les caches de donn\u00e9es d&#8217;application et d&#8217;autres m\u00e9canismes sur votre appareil\u00a0;<\/li><li>Cookies\u00a0: nous utilisons des cookies pour identifier nos visiteurs et m\u00e9moriser leurs pr\u00e9f\u00e9rences personnalis\u00e9es (la langue, par exemple).<\/li><\/ul><\/li><\/ul>\n\n<h2 class=\"wp-block-heading\"><strong>Comment utilisons-nous vos donn\u00e9es personnelles\u00a0?<\/strong><\/h2>\n\n<p>Nous utilisons vos donn\u00e9es personnelles pour fournir, maintenir, prot\u00e9ger, promouvoir et am\u00e9liorer nos services et pour en d\u00e9velopper de nouveaux. Vos donn\u00e9es personnelles ne sont conserv\u00e9es que le temps n\u00e9cessaire \u00e0 la r\u00e9alisation des finalit\u00e9s de leur sauvegarde.<\/p>\n\n<h2 class=\"wp-block-heading\"><strong>Nous pouvons utiliser vos donn\u00e9es personnelles pour\u00a0:<\/strong><\/h2>\n\n<ul><li>communiquer avec vous, notamment pour r\u00e9pondre aux questions pos\u00e9es via le formulaire de contact ainsi qu&#8217;aux candidatures d&#8217;emploi\u00a0;<\/li><li>vous pr\u00e9senter nos services sur le site Web.<\/li><\/ul>\n\n<h2 class=\"wp-block-heading\"><strong>Nous partagerons vos donn\u00e9es personnelles uniquement\u00a0:<\/strong><\/h2>\n\n<ul><li>Avec votre consentement\u00a0: nous ne partagerons de donn\u00e9es personnelles avec des soci\u00e9t\u00e9s autres qu&#8217;ActWise NV qu\u2019avec votre consentement. Veuillez noter que si vous cliquez sur un bouton de r\u00e9seau social, son fournisseur peut collecter vos donn\u00e9es personnelles. Dans ce cas, c&#8217;est la politique de confidentialit\u00e9 de ce fournisseur qui sera d&#8217;application\u00a0;<\/li><li>pour des raisons juridiques\u00a0: nous pouvons partager des donn\u00e9es personnelles pour respecter la loi ou une r\u00e9glementation applicable, ou pour suivre l&#8217;ordre de toute autorit\u00e9 de contr\u00f4le comp\u00e9tente\u00a0;<\/li><li>avec des entit\u00e9s qui traitent des donn\u00e9es personnelles pour nous\u00a0: ces entit\u00e9s ne peuvent traiter les donn\u00e9es personnelles que sur nos instructions et aux fins n\u00e9cessaires \u00e0 la r\u00e9alisation des finalit\u00e9s du traitement. Ces entit\u00e9s sont \u00e9galement tenues \u00e0 la loi sur la protection de la vie priv\u00e9e.<\/li><\/ul>\n\n<h2 class=\"wp-block-heading\"><strong>Vos droits\u00a0:<\/strong><\/h2>\n\n<p>Vous pouvez nous demander de vous fournir gratuitement\u00a0:<\/p>\n\n<ul><li>toutes les donn\u00e9es personnelles que nous d\u00e9tenons \u00e0 votre sujet\u00a0;<\/li><li>des informations compl\u00e9mentaires au sujet de la finalit\u00e9 pour laquelle nous collectons vos donn\u00e9es personnelles\u00a0;<\/li><li>des informations compl\u00e9mentaires sur les destinataires de vos donn\u00e9es personnelles ou les cat\u00e9gories de destinataires de vos donn\u00e9es personnelles.<\/li><\/ul>\n\n<p>Vous avez le droit de recevoir gratuitement une copie intelligible de toutes les donn\u00e9es personnelles pertinentes trait\u00e9es.<\/p>\n\n<p>Vous pouvez demander \u00e0 supprimer ou corriger gratuitement toute donn\u00e9e personnelle incorrecte, non pertinente et incompl\u00e8te ainsi que toute donn\u00e9e personnelle portant atteinte \u00e0 vos droits fondamentaux.<\/p>\n\n<p>Vous pouvez nous demander de ne pas traiter vos donn\u00e9es personnelles, ou vous opposer gratuitement au traitement de donn\u00e9es personnelles (pour autant que vous avanciez une raison imp\u00e9rieuse et l\u00e9gitime).<\/p>\n\n<p>En aucun cas, nous ne traiterons de donn\u00e9es personnelles relatives \u00e0 l\u2019origine raciale ou ethnique, aux opinions politiques, aux croyances religieuses ou philosophiques, ni de donn\u00e9es personnelles relatives \u00e0 la sant\u00e9 ou \u00e0 la vie sexuelle.<\/p>\n\n<h2 class=\"wp-block-heading\"><strong>Coordonn\u00e9es<\/strong><\/h2>\n\n<p>Si vous avez des questions concernant le traitement de vos donn\u00e9es personnelles, si vous souhaitez soumettre une requ\u00eate d\u2019acc\u00e8s, de modification ou de suppression de vos donn\u00e9es personnelles, ou si vous souhaitez vous opposer au traitement de vos donn\u00e9es personnelles, vous pouvez nous envoyer un e-mail \u00e0 <a href=\"&#109;&#x61;&#x69;l&#116;&#x6f;:&#105;&#x6e;f&#111;&#x40;a&#99;&#x74;&#x77;&#105;&#x73;&#x65;&#46;&#101;&#x75;\">&#105;&#110;&#x66;o&#64;&#x61;&#x63;t&#119;&#x69;&#x73;e&#46;&#x65;u<\/a>. Nous vous fournirons une r\u00e9ponse ou toutes les informations pertinentes d\u00e8s que possible, mais en tout cas au plus tard 30\u00a0jours apr\u00e8s la r\u00e9ception de la demande en cas de demande d&#8217;acc\u00e8s, et 30\u00a0jours apr\u00e8s la soumission d&#8217;opposition au traitement ou d&#8217;une demande de modification ou de suppression.<\/p>\n","protected":false},"excerpt":{"rendered":"<p>Cette politique de confidentialit\u00e9 d\u00e9crit les pratiques en mati\u00e8re de confidentialit\u00e9 d&#8217;ActWise NV sur son Site Web (ci-apr\u00e8s\u00a0: la \u00ab\u00a0Politique de confidentialit\u00e9\u00a0\u00bb). Nous nous engageons \u00e0 prot\u00e9ger vos donn\u00e9es personnelles. Cette politique de confidentialit\u00e9 a donc pour vocation de vous expliquer comment vos donn\u00e9es personnelles seront trait\u00e9es en conformit\u00e9 avec la loi belge du 8\u00a0d\u00e9cembre\u00a01992&#8230;<\/p>\n","protected":false},"author":12,"featured_media":0,"parent":0,"menu_order":0,"comment_status":"closed","ping_status":"closed","template":"","meta":{"footnotes":""},"yoast_head":"<!-- This site is optimized with the Yoast SEO plugin v22.3 - https:\/\/yoast.com\/wordpress\/plugins\/seo\/ -->\n<title>Politique de confidentialit\u00e9 - ActWise<\/title>\n<meta name=\"robots\" content=\"index, follow, max-snippet:-1, max-image-preview:large, max-video-preview:-1\" \/>\n<link rel=\"canonical\" href=\"https:\/\/www.actwise.eu\/fr\/politique-de-confidentialite\/\" \/>\n<meta property=\"og:locale\" content=\"fr_FR\" \/>\n<meta property=\"og:type\" content=\"article\" \/>\n<meta property=\"og:title\" content=\"Politique de confidentialit\u00e9 - ActWise\" \/>\n<meta property=\"og:description\" content=\"Cette politique de confidentialit\u00e9 d\u00e9crit les pratiques en mati\u00e8re de confidentialit\u00e9 d&#8217;ActWise NV sur son Site Web (ci-apr\u00e8s\u00a0: la \u00ab\u00a0Politique de confidentialit\u00e9\u00a0\u00bb). Nous nous engageons \u00e0 prot\u00e9ger vos donn\u00e9es personnelles. Cette politique de confidentialit\u00e9 a donc pour vocation de vous expliquer comment vos donn\u00e9es personnelles seront trait\u00e9es en conformit\u00e9 avec la loi belge du 8\u00a0d\u00e9cembre\u00a01992...\" \/>\n<meta property=\"og:url\" content=\"https:\/\/www.actwise.eu\/fr\/politique-de-confidentialite\/\" \/>\n<meta property=\"og:site_name\" content=\"ActWise\" \/>\n<meta property=\"article:modified_time\" content=\"2022-06-24T12:50:36+00:00\" \/>\n<meta property=\"og:image\" content=\"https:\/\/www.actwise.eu\/wp-content\/uploads\/2023\/11\/Actwise-Default-Banner.jpg\" \/>\n\t<meta property=\"og:image:width\" content=\"1200\" \/>\n\t<meta property=\"og:image:height\" content=\"675\" \/>\n\t<meta property=\"og:image:type\" content=\"image\/jpeg\" \/>\n<meta name=\"twitter:card\" content=\"summary_large_image\" \/>\n<meta name=\"twitter:label1\" content=\"Dur\u00e9e de lecture estim\u00e9e\" \/>\n\t<meta name=\"twitter:data1\" content=\"6 minutes\" \/>\n<script type=\"application\/ld+json\" class=\"yoast-schema-graph\">{\"@context\":\"https:\/\/schema.org\",\"@graph\":[{\"@type\":\"WebPage\",\"@id\":\"https:\/\/www.actwise.eu\/fr\/politique-de-confidentialite\/\",\"url\":\"https:\/\/www.actwise.eu\/fr\/politique-de-confidentialite\/\",\"name\":\"Politique de confidentialit\u00e9 - ActWise\",\"isPartOf\":{\"@id\":\"https:\/\/www.actwise.eu\/fr\/#website\"},\"datePublished\":\"2021-12-10T10:15:09+00:00\",\"dateModified\":\"2022-06-24T12:50:36+00:00\",\"breadcrumb\":{\"@id\":\"https:\/\/www.actwise.eu\/fr\/politique-de-confidentialite\/#breadcrumb\"},\"inLanguage\":\"fr-FR\",\"potentialAction\":[{\"@type\":\"ReadAction\",\"target\":[\"https:\/\/www.actwise.eu\/fr\/politique-de-confidentialite\/\"]}]},{\"@type\":\"BreadcrumbList\",\"@id\":\"https:\/\/www.actwise.eu\/fr\/politique-de-confidentialite\/#breadcrumb\",\"itemListElement\":[{\"@type\":\"ListItem\",\"position\":1,\"name\":\"Home\",\"item\":\"https:\/\/www.actwise.eu\/fr\/\"},{\"@type\":\"ListItem\",\"position\":2,\"name\":\"Politique de confidentialit\u00e9\"}]},{\"@type\":\"WebSite\",\"@id\":\"https:\/\/www.actwise.eu\/fr\/#website\",\"url\":\"https:\/\/www.actwise.eu\/fr\/\",\"name\":\"Actwise\",\"description\":\"Securing the keys to your digital kingdom\",\"publisher\":{\"@id\":\"https:\/\/www.actwise.eu\/fr\/#organization\"},\"potentialAction\":[{\"@type\":\"SearchAction\",\"target\":{\"@type\":\"EntryPoint\",\"urlTemplate\":\"https:\/\/www.actwise.eu\/fr\/?s={search_term_string}\"},\"query-input\":\"required name=search_term_string\"}],\"inLanguage\":\"fr-FR\"},{\"@type\":\"Organization\",\"@id\":\"https:\/\/www.actwise.eu\/fr\/#organization\",\"name\":\"Actwise\",\"url\":\"https:\/\/www.actwise.eu\/fr\/\",\"logo\":{\"@type\":\"ImageObject\",\"inLanguage\":\"fr-FR\",\"@id\":\"https:\/\/www.actwise.eu\/fr\/#\/schema\/logo\/image\/\",\"url\":\"https:\/\/www.actwise.eu\/wp-content\/uploads\/2021\/12\/Logo_ActWise__hoofdlogo_kleur_300dpi_transparant.png\",\"contentUrl\":\"https:\/\/www.actwise.eu\/wp-content\/uploads\/2021\/12\/Logo_ActWise__hoofdlogo_kleur_300dpi_transparant.png\",\"width\":4500,\"height\":1451,\"caption\":\"Actwise\"},\"image\":{\"@id\":\"https:\/\/www.actwise.eu\/fr\/#\/schema\/logo\/image\/\"}}]}<\/script>\n<!-- \/ Yoast SEO plugin. -->","yoast_head_json":{"title":"Politique de confidentialit\u00e9 - ActWise","robots":{"index":"index","follow":"follow","max-snippet":"max-snippet:-1","max-image-preview":"max-image-preview:large","max-video-preview":"max-video-preview:-1"},"canonical":"https:\/\/www.actwise.eu\/fr\/politique-de-confidentialite\/","og_locale":"fr_FR","og_type":"article","og_title":"Politique de confidentialit\u00e9 - ActWise","og_description":"Cette politique de confidentialit\u00e9 d\u00e9crit les pratiques en mati\u00e8re de confidentialit\u00e9 d&#8217;ActWise NV sur son Site Web (ci-apr\u00e8s\u00a0: la \u00ab\u00a0Politique de confidentialit\u00e9\u00a0\u00bb). Nous nous engageons \u00e0 prot\u00e9ger vos donn\u00e9es personnelles. Cette politique de confidentialit\u00e9 a donc pour vocation de vous expliquer comment vos donn\u00e9es personnelles seront trait\u00e9es en conformit\u00e9 avec la loi belge du 8\u00a0d\u00e9cembre\u00a01992...","og_url":"https:\/\/www.actwise.eu\/fr\/politique-de-confidentialite\/","og_site_name":"ActWise","article_modified_time":"2022-06-24T12:50:36+00:00","og_image":[{"width":1200,"height":675,"url":"https:\/\/www.actwise.eu\/wp-content\/uploads\/2023\/11\/Actwise-Default-Banner.jpg","type":"image\/jpeg"}],"twitter_card":"summary_large_image","twitter_misc":{"Dur\u00e9e de lecture estim\u00e9e":"6 minutes"},"schema":{"@context":"https:\/\/schema.org","@graph":[{"@type":"WebPage","@id":"https:\/\/www.actwise.eu\/fr\/politique-de-confidentialite\/","url":"https:\/\/www.actwise.eu\/fr\/politique-de-confidentialite\/","name":"Politique de confidentialit\u00e9 - ActWise","isPartOf":{"@id":"https:\/\/www.actwise.eu\/fr\/#website"},"datePublished":"2021-12-10T10:15:09+00:00","dateModified":"2022-06-24T12:50:36+00:00","breadcrumb":{"@id":"https:\/\/www.actwise.eu\/fr\/politique-de-confidentialite\/#breadcrumb"},"inLanguage":"fr-FR","potentialAction":[{"@type":"ReadAction","target":["https:\/\/www.actwise.eu\/fr\/politique-de-confidentialite\/"]}]},{"@type":"BreadcrumbList","@id":"https:\/\/www.actwise.eu\/fr\/politique-de-confidentialite\/#breadcrumb","itemListElement":[{"@type":"ListItem","position":1,"name":"Home","item":"https:\/\/www.actwise.eu\/fr\/"},{"@type":"ListItem","position":2,"name":"Politique de confidentialit\u00e9"}]},{"@type":"WebSite","@id":"https:\/\/www.actwise.eu\/fr\/#website","url":"https:\/\/www.actwise.eu\/fr\/","name":"Actwise","description":"Securing the keys to your digital kingdom","publisher":{"@id":"https:\/\/www.actwise.eu\/fr\/#organization"},"potentialAction":[{"@type":"SearchAction","target":{"@type":"EntryPoint","urlTemplate":"https:\/\/www.actwise.eu\/fr\/?s={search_term_string}"},"query-input":"required name=search_term_string"}],"inLanguage":"fr-FR"},{"@type":"Organization","@id":"https:\/\/www.actwise.eu\/fr\/#organization","name":"Actwise","url":"https:\/\/www.actwise.eu\/fr\/","logo":{"@type":"ImageObject","inLanguage":"fr-FR","@id":"https:\/\/www.actwise.eu\/fr\/#\/schema\/logo\/image\/","url":"https:\/\/www.actwise.eu\/wp-content\/uploads\/2021\/12\/Logo_ActWise__hoofdlogo_kleur_300dpi_transparant.png","contentUrl":"https:\/\/www.actwise.eu\/wp-content\/uploads\/2021\/12\/Logo_ActWise__hoofdlogo_kleur_300dpi_transparant.png","width":4500,"height":1451,"caption":"Actwise"},"image":{"@id":"https:\/\/www.actwise.eu\/fr\/#\/schema\/logo\/image\/"}}]}},"_links":{"self":[{"href":"https:\/\/www.actwise.eu\/fr\/wp-json\/wp\/v2\/pages\/7326"}],"collection":[{"href":"https:\/\/www.actwise.eu\/fr\/wp-json\/wp\/v2\/pages"}],"about":[{"href":"https:\/\/www.actwise.eu\/fr\/wp-json\/wp\/v2\/types\/page"}],"author":[{"embeddable":true,"href":"https:\/\/www.actwise.eu\/fr\/wp-json\/wp\/v2\/users\/12"}],"replies":[{"embeddable":true,"href":"https:\/\/www.actwise.eu\/fr\/wp-json\/wp\/v2\/comments?post=7326"}],"version-history":[{"count":3,"href":"https:\/\/www.actwise.eu\/fr\/wp-json\/wp\/v2\/pages\/7326\/revisions"}],"predecessor-version":[{"id":7398,"href":"https:\/\/www.actwise.eu\/fr\/wp-json\/wp\/v2\/pages\/7326\/revisions\/7398"}],"wp:attachment":[{"href":"https:\/\/www.actwise.eu\/fr\/wp-json\/wp\/v2\/media?parent=7326"}],"curies":[{"name":"wp","href":"https:\/\/api.w.org\/{rel}","templated":true}]}}